{"id":5711,"date":"2023-07-13T07:30:55","date_gmt":"2023-07-13T05:30:55","guid":{"rendered":"https:\/\/hbchockeyshop.com\/?post_type=product&#038;p=5711"},"modified":"2023-07-13T07:36:16","modified_gmt":"2023-07-13T05:36:16","slug":"body-bebe-dragons","status":"publish","type":"product","link":"https:\/\/hbchockeyshop.com\/index.php\/produit\/body-bebe-dragons\/","title":{"rendered":"Body B\u00e9b\u00e9 Dragons"},"content":{"rendered":"<p>Logo CHAR Brod\u00e9<\/p>\n","protected":false},"excerpt":{"rendered":"<ul>\n<li>100 % jersey de coton peign\u00e9, fil\u00e9 \u00e0 l&rsquo;anneau, airlume<\/li>\n<li>Les couleurs chin\u00e9es sont compos\u00e9es \u00e0 52 % de coton airlume fil\u00e9 \u00e0 l&rsquo;anneau et 48 % de polyester<\/li>\n<li>Athletic Heather est compos\u00e9 \u00e0 90 % de coton peign\u00e9, fil\u00e9 \u00e0 l&rsquo;anneau et 10 % de polyester.<\/li>\n<li>Poids du tissu : 132,2 g\/m\u00b2 (3,9 oz\/y\u00b2)<\/li>\n<li>Col enveloppant<\/li>\n<li>Fermeture \u00e0 trois boutons-pression<\/li>\n<li>Coutures lat\u00e9rales<\/li>\n<li>Produit vierge provenant du Nicaragua, du Honduras ou des \u00c9tats-Unis.<\/li>\n<\/ul>\n","protected":false},"featured_media":5726,"comment_status":"open","ping_status":"closed","template":"","meta":{"site-sidebar-layout":"default","site-content-layout":"default","ast-site-content-layout":"default","site-content-style":"default","site-sidebar-style":"default","ast-global-header-display":"","ast-banner-title-visibility":"","ast-main-header-display":"","ast-hfb-above-header-display":"","ast-hfb-below-header-display":"","ast-hfb-mobile-header-display":"","site-post-title":"","ast-breadcrumbs-content":"","ast-featured-img":"","footer-sml-layout":"","ast-disable-related-posts":"","theme-transparent-header-meta":"default","adv-header-id-meta":"","stick-header-meta":"","header-above-stick-meta":"","header-main-stick-meta":"","header-below-stick-meta":"","astra-migrate-meta-layouts":"default","ast-page-background-enabled":"default","ast-page-background-meta":{"desktop":{"background-color":"","background-image":"","background-repeat":"repeat","background-position":"center center","background-size":"auto","background-attachment":"scroll","background-type":"","background-media":"","overlay-type":"","overlay-color":"","overlay-opacity":"","overlay-gradient":""},"tablet":{"background-color":"","background-image":"","background-repeat":"repeat","background-position":"center center","background-size":"auto","background-attachment":"scroll","background-type":"","background-media":"","overlay-type":"","overlay-color":"","overlay-opacity":"","overlay-gradient":""},"mobile":{"background-color":"","background-image":"","background-repeat":"repeat","background-position":"center center","background-size":"auto","background-attachment":"scroll","background-type":"","background-media":"","overlay-type":"","overlay-color":"","overlay-opacity":"","overlay-gradient":""}},"ast-content-background-meta":{"desktop":{"background-color":"var(--ast-global-color-5)","background-image":"","background-repeat":"repeat","background-position":"center center","background-size":"auto","background-attachment":"scroll","background-type":"","background-media":"","overlay-type":"","overlay-color":"","overlay-opacity":"","overlay-gradient":""},"tablet":{"background-color":"var(--ast-global-color-5)","background-image":"","background-repeat":"repeat","background-position":"center center","background-size":"auto","background-attachment":"scroll","background-type":"","background-media":"","overlay-type":"","overlay-color":"","overlay-opacity":"","overlay-gradient":""},"mobile":{"background-color":"var(--ast-global-color-5)","background-image":"","background-repeat":"repeat","background-position":"center center","background-size":"auto","background-attachment":"scroll","background-type":"","background-media":"","overlay-type":"","overlay-color":"","overlay-opacity":"","overlay-gradient":""}}},"product_brand":[],"product_cat":[336],"product_tag":[],"class_list":{"0":"post-5711","1":"product","2":"type-product","3":"status-publish","4":"has-post-thumbnail","6":"product_cat-bebe","7":"desktop-align-left","8":"tablet-align-left","9":"mobile-align-left","11":"first","12":"instock","13":"taxable","14":"shipping-taxable","15":"purchasable","16":"product-type-variable"},"yoast_head":"<!-- This site is optimized with the Yoast SEO plugin v25.5 - https:\/\/yoast.com\/wordpress\/plugins\/seo\/ -->\n<title>Body B\u00e9b\u00e9 Dragons - HBC Shop<\/title>\n<meta name=\"robots\" content=\"index, follow, max-snippet:-1, max-image-preview:large, max-video-preview:-1\" \/>\n<link rel=\"canonical\" href=\"https:\/\/hbchockeyshop.com\/index.php\/produit\/body-bebe-dragons\/\" \/>\n<meta property=\"og:locale\" content=\"fr_FR\" \/>\n<meta property=\"og:type\" content=\"article\" \/>\n<meta property=\"og:title\" content=\"Body B\u00e9b\u00e9 Dragons - HBC Shop\" \/>\n<meta property=\"og:description\" content=\"100 % jersey de coton peign\u00e9, fil\u00e9 \u00e0 l&#039;anneau, airlume  Les couleurs chin\u00e9es sont compos\u00e9es \u00e0 52 % de coton airlume fil\u00e9 \u00e0 l&#039;anneau et 48 % de polyester  Athletic Heather est compos\u00e9 \u00e0 90 % de coton peign\u00e9, fil\u00e9 \u00e0 l&#039;anneau et 10 % de polyester.  Poids du tissu : 132,2 g\/m\u00b2 (3,9 oz\/y\u00b2)  Col enveloppant  Fermeture \u00e0 trois boutons-pression  Coutures lat\u00e9rales  Produit vierge provenant du Nicaragua, du Honduras ou des \u00c9tats-Unis.\" \/>\n<meta property=\"og:url\" content=\"https:\/\/hbchockeyshop.com\/index.php\/produit\/body-bebe-dragons\/\" \/>\n<meta property=\"og:site_name\" content=\"HBC Shop\" \/>\n<meta property=\"article:modified_time\" content=\"2023-07-13T05:36:16+00:00\" \/>\n<meta property=\"og:image\" content=\"https:\/\/hbchockeyshop.com\/wp-content\/uploads\/2023\/07\/C91A42BD-B449-4FC6-8E98-D0725719001C-1024x1024.png\" \/>\n\t<meta property=\"og:image:width\" content=\"1024\" \/>\n\t<meta property=\"og:image:height\" content=\"1024\" \/>\n\t<meta property=\"og:image:type\" content=\"image\/png\" \/>\n<meta name=\"twitter:card\" content=\"summary_large_image\" \/>\n<script type=\"application\/ld+json\" class=\"yoast-schema-graph\">{\"@context\":\"https:\/\/schema.org\",\"@graph\":[{\"@type\":\"WebPage\",\"@id\":\"https:\/\/hbchockeyshop.com\/index.php\/produit\/body-bebe-dragons\/\",\"url\":\"https:\/\/hbchockeyshop.com\/index.php\/produit\/body-bebe-dragons\/\",\"name\":\"Body B\u00e9b\u00e9 Dragons - HBC Shop\",\"isPartOf\":{\"@id\":\"https:\/\/hbchockeyshop.com\/#website\"},\"primaryImageOfPage\":{\"@id\":\"https:\/\/hbchockeyshop.com\/index.php\/produit\/body-bebe-dragons\/#primaryimage\"},\"image\":{\"@id\":\"https:\/\/hbchockeyshop.com\/index.php\/produit\/body-bebe-dragons\/#primaryimage\"},\"thumbnailUrl\":\"https:\/\/hbchockeyshop.com\/wp-content\/uploads\/2023\/07\/C91A42BD-B449-4FC6-8E98-D0725719001C.png\",\"datePublished\":\"2023-07-13T05:30:55+00:00\",\"dateModified\":\"2023-07-13T05:36:16+00:00\",\"breadcrumb\":{\"@id\":\"https:\/\/hbchockeyshop.com\/index.php\/produit\/body-bebe-dragons\/#breadcrumb\"},\"inLanguage\":\"fr-FR\",\"potentialAction\":[{\"@type\":\"ReadAction\",\"target\":[\"https:\/\/hbchockeyshop.com\/index.php\/produit\/body-bebe-dragons\/\"]}]},{\"@type\":\"ImageObject\",\"inLanguage\":\"fr-FR\",\"@id\":\"https:\/\/hbchockeyshop.com\/index.php\/produit\/body-bebe-dragons\/#primaryimage\",\"url\":\"https:\/\/hbchockeyshop.com\/wp-content\/uploads\/2023\/07\/C91A42BD-B449-4FC6-8E98-D0725719001C.png\",\"contentUrl\":\"https:\/\/hbchockeyshop.com\/wp-content\/uploads\/2023\/07\/C91A42BD-B449-4FC6-8E98-D0725719001C.png\",\"width\":1080,\"height\":1080},{\"@type\":\"BreadcrumbList\",\"@id\":\"https:\/\/hbchockeyshop.com\/index.php\/produit\/body-bebe-dragons\/#breadcrumb\",\"itemListElement\":[{\"@type\":\"ListItem\",\"position\":1,\"name\":\"Accueil\",\"item\":\"https:\/\/hbchockeyshop.com\/\"},{\"@type\":\"ListItem\",\"position\":2,\"name\":\"Shop\",\"item\":\"https:\/\/hbchockeyshop.com\/index.php\/shop\/\"},{\"@type\":\"ListItem\",\"position\":3,\"name\":\"Body B\u00e9b\u00e9 Dragons\"}]},{\"@type\":\"WebSite\",\"@id\":\"https:\/\/hbchockeyshop.com\/#website\",\"url\":\"https:\/\/hbchockeyshop.com\/\",\"name\":\"HBC Shop\",\"description\":\"\",\"publisher\":{\"@id\":\"https:\/\/hbchockeyshop.com\/#organization\"},\"potentialAction\":[{\"@type\":\"SearchAction\",\"target\":{\"@type\":\"EntryPoint\",\"urlTemplate\":\"https:\/\/hbchockeyshop.com\/?s={search_term_string}\"},\"query-input\":{\"@type\":\"PropertyValueSpecification\",\"valueRequired\":true,\"valueName\":\"search_term_string\"}}],\"inLanguage\":\"fr-FR\"},{\"@type\":\"Organization\",\"@id\":\"https:\/\/hbchockeyshop.com\/#organization\",\"name\":\"HBC Hockey Shop\",\"url\":\"https:\/\/hbchockeyshop.com\/\",\"logo\":{\"@type\":\"ImageObject\",\"inLanguage\":\"fr-FR\",\"@id\":\"https:\/\/hbchockeyshop.com\/#\/schema\/logo\/image\/\",\"url\":\"https:\/\/hbchockeyshop.com\/wp-content\/uploads\/2021\/06\/C41D0B17-6441-440B-82D0-B36223D45945.jpeg\",\"contentUrl\":\"https:\/\/hbchockeyshop.com\/wp-content\/uploads\/2021\/06\/C41D0B17-6441-440B-82D0-B36223D45945.jpeg\",\"width\":960,\"height\":960,\"caption\":\"HBC Hockey Shop\"},\"image\":{\"@id\":\"https:\/\/hbchockeyshop.com\/#\/schema\/logo\/image\/\"}}]}<\/script>\n<!-- \/ Yoast SEO plugin. -->","yoast_head_json":{"title":"Body B\u00e9b\u00e9 Dragons - HBC Shop","robots":{"index":"index","follow":"follow","max-snippet":"max-snippet:-1","max-image-preview":"max-image-preview:large","max-video-preview":"max-video-preview:-1"},"canonical":"https:\/\/hbchockeyshop.com\/index.php\/produit\/body-bebe-dragons\/","og_locale":"fr_FR","og_type":"article","og_title":"Body B\u00e9b\u00e9 Dragons - HBC Shop","og_description":"100 % jersey de coton peign\u00e9, fil\u00e9 \u00e0 l'anneau, airlume  Les couleurs chin\u00e9es sont compos\u00e9es \u00e0 52 % de coton airlume fil\u00e9 \u00e0 l'anneau et 48 % de polyester  Athletic Heather est compos\u00e9 \u00e0 90 % de coton peign\u00e9, fil\u00e9 \u00e0 l'anneau et 10 % de polyester.  Poids du tissu : 132,2 g\/m\u00b2 (3,9 oz\/y\u00b2)  Col enveloppant  Fermeture \u00e0 trois boutons-pression  Coutures lat\u00e9rales  Produit vierge provenant du Nicaragua, du Honduras ou des \u00c9tats-Unis.","og_url":"https:\/\/hbchockeyshop.com\/index.php\/produit\/body-bebe-dragons\/","og_site_name":"HBC Shop","article_modified_time":"2023-07-13T05:36:16+00:00","og_image":[{"width":1024,"height":1024,"url":"https:\/\/hbchockeyshop.com\/wp-content\/uploads\/2023\/07\/C91A42BD-B449-4FC6-8E98-D0725719001C-1024x1024.png","type":"image\/png"}],"twitter_card":"summary_large_image","schema":{"@context":"https:\/\/schema.org","@graph":[{"@type":"WebPage","@id":"https:\/\/hbchockeyshop.com\/index.php\/produit\/body-bebe-dragons\/","url":"https:\/\/hbchockeyshop.com\/index.php\/produit\/body-bebe-dragons\/","name":"Body B\u00e9b\u00e9 Dragons - HBC Shop","isPartOf":{"@id":"https:\/\/hbchockeyshop.com\/#website"},"primaryImageOfPage":{"@id":"https:\/\/hbchockeyshop.com\/index.php\/produit\/body-bebe-dragons\/#primaryimage"},"image":{"@id":"https:\/\/hbchockeyshop.com\/index.php\/produit\/body-bebe-dragons\/#primaryimage"},"thumbnailUrl":"https:\/\/hbchockeyshop.com\/wp-content\/uploads\/2023\/07\/C91A42BD-B449-4FC6-8E98-D0725719001C.png","datePublished":"2023-07-13T05:30:55+00:00","dateModified":"2023-07-13T05:36:16+00:00","breadcrumb":{"@id":"https:\/\/hbchockeyshop.com\/index.php\/produit\/body-bebe-dragons\/#breadcrumb"},"inLanguage":"fr-FR","potentialAction":[{"@type":"ReadAction","target":["https:\/\/hbchockeyshop.com\/index.php\/produit\/body-bebe-dragons\/"]}]},{"@type":"ImageObject","inLanguage":"fr-FR","@id":"https:\/\/hbchockeyshop.com\/index.php\/produit\/body-bebe-dragons\/#primaryimage","url":"https:\/\/hbchockeyshop.com\/wp-content\/uploads\/2023\/07\/C91A42BD-B449-4FC6-8E98-D0725719001C.png","contentUrl":"https:\/\/hbchockeyshop.com\/wp-content\/uploads\/2023\/07\/C91A42BD-B449-4FC6-8E98-D0725719001C.png","width":1080,"height":1080},{"@type":"BreadcrumbList","@id":"https:\/\/hbchockeyshop.com\/index.php\/produit\/body-bebe-dragons\/#breadcrumb","itemListElement":[{"@type":"ListItem","position":1,"name":"Accueil","item":"https:\/\/hbchockeyshop.com\/"},{"@type":"ListItem","position":2,"name":"Shop","item":"https:\/\/hbchockeyshop.com\/index.php\/shop\/"},{"@type":"ListItem","position":3,"name":"Body B\u00e9b\u00e9 Dragons"}]},{"@type":"WebSite","@id":"https:\/\/hbchockeyshop.com\/#website","url":"https:\/\/hbchockeyshop.com\/","name":"HBC Shop","description":"","publisher":{"@id":"https:\/\/hbchockeyshop.com\/#organization"},"potentialAction":[{"@type":"SearchAction","target":{"@type":"EntryPoint","urlTemplate":"https:\/\/hbchockeyshop.com\/?s={search_term_string}"},"query-input":{"@type":"PropertyValueSpecification","valueRequired":true,"valueName":"search_term_string"}}],"inLanguage":"fr-FR"},{"@type":"Organization","@id":"https:\/\/hbchockeyshop.com\/#organization","name":"HBC Hockey Shop","url":"https:\/\/hbchockeyshop.com\/","logo":{"@type":"ImageObject","inLanguage":"fr-FR","@id":"https:\/\/hbchockeyshop.com\/#\/schema\/logo\/image\/","url":"https:\/\/hbchockeyshop.com\/wp-content\/uploads\/2021\/06\/C41D0B17-6441-440B-82D0-B36223D45945.jpeg","contentUrl":"https:\/\/hbchockeyshop.com\/wp-content\/uploads\/2021\/06\/C41D0B17-6441-440B-82D0-B36223D45945.jpeg","width":960,"height":960,"caption":"HBC Hockey Shop"},"image":{"@id":"https:\/\/hbchockeyshop.com\/#\/schema\/logo\/image\/"}}]}},"_links":{"self":[{"href":"https:\/\/hbchockeyshop.com\/index.php\/wp-json\/wp\/v2\/product\/5711","targetHints":{"allow":["GET"]}}],"collection":[{"href":"https:\/\/hbchockeyshop.com\/index.php\/wp-json\/wp\/v2\/product"}],"about":[{"href":"https:\/\/hbchockeyshop.com\/index.php\/wp-json\/wp\/v2\/types\/product"}],"replies":[{"embeddable":true,"href":"https:\/\/hbchockeyshop.com\/index.php\/wp-json\/wp\/v2\/comments?post=5711"}],"version-history":[{"count":3,"href":"https:\/\/hbchockeyshop.com\/index.php\/wp-json\/wp\/v2\/product\/5711\/revisions"}],"predecessor-version":[{"id":5729,"href":"https:\/\/hbchockeyshop.com\/index.php\/wp-json\/wp\/v2\/product\/5711\/revisions\/5729"}],"wp:featuredmedia":[{"embeddable":true,"href":"https:\/\/hbchockeyshop.com\/index.php\/wp-json\/wp\/v2\/media\/5726"}],"wp:attachment":[{"href":"https:\/\/hbchockeyshop.com\/index.php\/wp-json\/wp\/v2\/media?parent=5711"}],"wp:term":[{"taxonomy":"product_brand","embeddable":true,"href":"https:\/\/hbchockeyshop.com\/index.php\/wp-json\/wp\/v2\/product_brand?post=5711"},{"taxonomy":"product_cat","embeddable":true,"href":"https:\/\/hbchockeyshop.com\/index.php\/wp-json\/wp\/v2\/product_cat?post=5711"},{"taxonomy":"product_tag","embeddable":true,"href":"https:\/\/hbchockeyshop.com\/index.php\/wp-json\/wp\/v2\/product_tag?post=5711"}],"curies":[{"name":"wp","href":"https:\/\/api.w.org\/{rel}","templated":true}]}}