{"id":3395,"date":"2021-05-09T10:40:42","date_gmt":"2021-05-09T08:40:42","guid":{"rendered":"https:\/\/hbchockeyshop.com\/?post_type=product&#038;p=3395"},"modified":"2021-06-05T12:31:19","modified_gmt":"2021-06-05T10:31:19","slug":"mitaine-vaughn-velocity-v9-xp","status":"publish","type":"product","link":"https:\/\/hbchockeyshop.com\/index.php\/produit\/mitaine-vaughn-velocity-v9-xp\/","title":{"rendered":"Mitaine Vaughn &#8211; Velocity V9 XP"},"content":{"rendered":"<p>-Graphiques V9 pour un look et un attrait distinctifs<\/p>\n<p>-Poignet et pouce en une seule pi\u00e8ce<br \/>\n-Empi\u00e8cement moul\u00e9 sur la paume et le pouce \u00e0 l&rsquo;avant<\/p>\n<p>-Point de rupture d\u00e9fini pour une fermeture facile<br \/>\n-Bordure de p\u00e9rim\u00e8tre des doigts renforc\u00e9e<br \/>\n-Conception de manchette flottante pour un mouvement suppl\u00e9mentaire du poignet<\/p>\n<p>-Doublure int\u00e9rieure en maille hexagonale pour un s\u00e9chage plus rapide<br \/>\nMousse HD dans le coussinet arri\u00e8re sur les doigts<br \/>\n-Rail de renvoi du bout des doigts avec mousses de carbone HD<br \/>\n-Le moule arri\u00e8re profond pour le pouce ajoute stabilit\u00e9 et confort<br \/>\n-Dragonne int\u00e9rieure pour la r\u00e9tention et le contr\u00f4le<br \/>\n-Le brassard sans reliure maximise la surface de blocage<br \/>\nP\u00e9rim\u00e8tre de 45 \u00a0\u00bb<br \/>\n-La surface avant est plus large au p\u00e9rim\u00e8tre des doigts sur le gant XP<\/p>\n<p>-Pieds en filet pour le confort et la dispersion de la chaleur<br \/>\n-La dragonne compl\u00e8te permet un ajustement plus serr\u00e9<\/p>\n<p>-Rembourrage suppl\u00e9mentaire dans la dragonne pour un confort accru<br \/>\n-Thermoformable pour un ajustement pr\u00e9cis<\/p>\n","protected":false},"excerpt":{"rendered":"<p>Exp\u00e9dition du produit sous 12 Jours ouvr\u00e9s<\/p>\n","protected":false},"featured_media":3410,"comment_status":"open","ping_status":"closed","template":"","meta":{"site-sidebar-layout":"default","site-content-layout":"default","ast-site-content-layout":"default","site-content-style":"default","site-sidebar-style":"default","ast-global-header-display":"","ast-banner-title-visibility":"","ast-main-header-display":"","ast-hfb-above-header-display":"","ast-hfb-below-header-display":"","ast-hfb-mobile-header-display":"","site-post-title":"","ast-breadcrumbs-content":"","ast-featured-img":"","footer-sml-layout":"","ast-disable-related-posts":"","theme-transparent-header-meta":"default","adv-header-id-meta":"","stick-header-meta":"","header-above-stick-meta":"","header-main-stick-meta":"","header-below-stick-meta":"","astra-migrate-meta-layouts":"default","ast-page-background-enabled":"default","ast-page-background-meta":{"desktop":{"background-color":"","background-image":"","background-repeat":"repeat","background-position":"center center","background-size":"auto","background-attachment":"scroll","background-type":"","background-media":"","overlay-type":"","overlay-color":"","overlay-opacity":"","overlay-gradient":""},"tablet":{"background-color":"","background-image":"","background-repeat":"repeat","background-position":"center center","background-size":"auto","background-attachment":"scroll","background-type":"","background-media":"","overlay-type":"","overlay-color":"","overlay-opacity":"","overlay-gradient":""},"mobile":{"background-color":"","background-image":"","background-repeat":"repeat","background-position":"center center","background-size":"auto","background-attachment":"scroll","background-type":"","background-media":"","overlay-type":"","overlay-color":"","overlay-opacity":"","overlay-gradient":""}},"ast-content-background-meta":{"desktop":{"background-color":"var(--ast-global-color-5)","background-image":"","background-repeat":"repeat","background-position":"center center","background-size":"auto","background-attachment":"scroll","background-type":"","background-media":"","overlay-type":"","overlay-color":"","overlay-opacity":"","overlay-gradient":""},"tablet":{"background-color":"var(--ast-global-color-5)","background-image":"","background-repeat":"repeat","background-position":"center center","background-size":"auto","background-attachment":"scroll","background-type":"","background-media":"","overlay-type":"","overlay-color":"","overlay-opacity":"","overlay-gradient":""},"mobile":{"background-color":"var(--ast-global-color-5)","background-image":"","background-repeat":"repeat","background-position":"center center","background-size":"auto","background-attachment":"scroll","background-type":"","background-media":"","overlay-type":"","overlay-color":"","overlay-opacity":"","overlay-gradient":""}}},"product_brand":[],"product_cat":[103],"product_tag":[],"class_list":{"0":"post-3395","1":"product","2":"type-product","3":"status-publish","4":"has-post-thumbnail","6":"product_cat-mitaines","7":"desktop-align-left","8":"tablet-align-left","9":"mobile-align-left","11":"first","12":"instock","13":"purchasable","14":"product-type-variable"},"yoast_head":"<!-- This site is optimized with the Yoast SEO plugin v25.5 - https:\/\/yoast.com\/wordpress\/plugins\/seo\/ -->\n<title>Mitaine Vaughn - Velocity V9 XP - HBC Shop<\/title>\n<meta name=\"robots\" content=\"index, follow, max-snippet:-1, max-image-preview:large, max-video-preview:-1\" \/>\n<link rel=\"canonical\" href=\"https:\/\/hbchockeyshop.com\/index.php\/produit\/mitaine-vaughn-velocity-v9-xp\/\" \/>\n<meta property=\"og:locale\" content=\"fr_FR\" \/>\n<meta property=\"og:type\" content=\"article\" \/>\n<meta property=\"og:title\" content=\"Mitaine Vaughn - Velocity V9 XP - HBC Shop\" \/>\n<meta property=\"og:description\" content=\"Exp\u00e9dition du produit sous 12 Jours ouvr\u00e9s\" \/>\n<meta property=\"og:url\" content=\"https:\/\/hbchockeyshop.com\/index.php\/produit\/mitaine-vaughn-velocity-v9-xp\/\" \/>\n<meta property=\"og:site_name\" content=\"HBC Shop\" \/>\n<meta property=\"article:modified_time\" content=\"2021-06-05T10:31:19+00:00\" \/>\n<meta property=\"og:image\" content=\"https:\/\/hbchockeyshop.com\/wp-content\/uploads\/2021\/05\/074FD2CB-C0A2-416A-B9AA-C804C92B8068.jpeg\" \/>\n\t<meta property=\"og:image:width\" content=\"1329\" \/>\n\t<meta property=\"og:image:height\" content=\"1174\" \/>\n\t<meta property=\"og:image:type\" content=\"image\/jpeg\" \/>\n<meta name=\"twitter:card\" content=\"summary_large_image\" \/>\n<meta name=\"twitter:label1\" content=\"Dur\u00e9e de lecture estim\u00e9e\" \/>\n\t<meta name=\"twitter:data1\" content=\"1 minute\" \/>\n<script type=\"application\/ld+json\" class=\"yoast-schema-graph\">{\"@context\":\"https:\/\/schema.org\",\"@graph\":[{\"@type\":\"WebPage\",\"@id\":\"https:\/\/hbchockeyshop.com\/index.php\/produit\/mitaine-vaughn-velocity-v9-xp\/\",\"url\":\"https:\/\/hbchockeyshop.com\/index.php\/produit\/mitaine-vaughn-velocity-v9-xp\/\",\"name\":\"Mitaine Vaughn - Velocity V9 XP - HBC Shop\",\"isPartOf\":{\"@id\":\"https:\/\/hbchockeyshop.com\/#website\"},\"primaryImageOfPage\":{\"@id\":\"https:\/\/hbchockeyshop.com\/index.php\/produit\/mitaine-vaughn-velocity-v9-xp\/#primaryimage\"},\"image\":{\"@id\":\"https:\/\/hbchockeyshop.com\/index.php\/produit\/mitaine-vaughn-velocity-v9-xp\/#primaryimage\"},\"thumbnailUrl\":\"https:\/\/hbchockeyshop.com\/wp-content\/uploads\/2021\/05\/074FD2CB-C0A2-416A-B9AA-C804C92B8068.jpeg\",\"datePublished\":\"2021-05-09T08:40:42+00:00\",\"dateModified\":\"2021-06-05T10:31:19+00:00\",\"breadcrumb\":{\"@id\":\"https:\/\/hbchockeyshop.com\/index.php\/produit\/mitaine-vaughn-velocity-v9-xp\/#breadcrumb\"},\"inLanguage\":\"fr-FR\",\"potentialAction\":[{\"@type\":\"ReadAction\",\"target\":[\"https:\/\/hbchockeyshop.com\/index.php\/produit\/mitaine-vaughn-velocity-v9-xp\/\"]}]},{\"@type\":\"ImageObject\",\"inLanguage\":\"fr-FR\",\"@id\":\"https:\/\/hbchockeyshop.com\/index.php\/produit\/mitaine-vaughn-velocity-v9-xp\/#primaryimage\",\"url\":\"https:\/\/hbchockeyshop.com\/wp-content\/uploads\/2021\/05\/074FD2CB-C0A2-416A-B9AA-C804C92B8068.jpeg\",\"contentUrl\":\"https:\/\/hbchockeyshop.com\/wp-content\/uploads\/2021\/05\/074FD2CB-C0A2-416A-B9AA-C804C92B8068.jpeg\",\"width\":1329,\"height\":1174},{\"@type\":\"BreadcrumbList\",\"@id\":\"https:\/\/hbchockeyshop.com\/index.php\/produit\/mitaine-vaughn-velocity-v9-xp\/#breadcrumb\",\"itemListElement\":[{\"@type\":\"ListItem\",\"position\":1,\"name\":\"Accueil\",\"item\":\"https:\/\/hbchockeyshop.com\/\"},{\"@type\":\"ListItem\",\"position\":2,\"name\":\"Shop\",\"item\":\"https:\/\/hbchockeyshop.com\/index.php\/shop\/\"},{\"@type\":\"ListItem\",\"position\":3,\"name\":\"Mitaine Vaughn &#8211; Velocity V9 XP\"}]},{\"@type\":\"WebSite\",\"@id\":\"https:\/\/hbchockeyshop.com\/#website\",\"url\":\"https:\/\/hbchockeyshop.com\/\",\"name\":\"HBC Shop\",\"description\":\"\",\"publisher\":{\"@id\":\"https:\/\/hbchockeyshop.com\/#organization\"},\"potentialAction\":[{\"@type\":\"SearchAction\",\"target\":{\"@type\":\"EntryPoint\",\"urlTemplate\":\"https:\/\/hbchockeyshop.com\/?s={search_term_string}\"},\"query-input\":{\"@type\":\"PropertyValueSpecification\",\"valueRequired\":true,\"valueName\":\"search_term_string\"}}],\"inLanguage\":\"fr-FR\"},{\"@type\":\"Organization\",\"@id\":\"https:\/\/hbchockeyshop.com\/#organization\",\"name\":\"HBC Hockey Shop\",\"url\":\"https:\/\/hbchockeyshop.com\/\",\"logo\":{\"@type\":\"ImageObject\",\"inLanguage\":\"fr-FR\",\"@id\":\"https:\/\/hbchockeyshop.com\/#\/schema\/logo\/image\/\",\"url\":\"https:\/\/hbchockeyshop.com\/wp-content\/uploads\/2021\/06\/C41D0B17-6441-440B-82D0-B36223D45945.jpeg\",\"contentUrl\":\"https:\/\/hbchockeyshop.com\/wp-content\/uploads\/2021\/06\/C41D0B17-6441-440B-82D0-B36223D45945.jpeg\",\"width\":960,\"height\":960,\"caption\":\"HBC Hockey Shop\"},\"image\":{\"@id\":\"https:\/\/hbchockeyshop.com\/#\/schema\/logo\/image\/\"}}]}<\/script>\n<!-- \/ Yoast SEO plugin. -->","yoast_head_json":{"title":"Mitaine Vaughn - Velocity V9 XP - HBC Shop","robots":{"index":"index","follow":"follow","max-snippet":"max-snippet:-1","max-image-preview":"max-image-preview:large","max-video-preview":"max-video-preview:-1"},"canonical":"https:\/\/hbchockeyshop.com\/index.php\/produit\/mitaine-vaughn-velocity-v9-xp\/","og_locale":"fr_FR","og_type":"article","og_title":"Mitaine Vaughn - Velocity V9 XP - HBC Shop","og_description":"Exp\u00e9dition du produit sous 12 Jours ouvr\u00e9s","og_url":"https:\/\/hbchockeyshop.com\/index.php\/produit\/mitaine-vaughn-velocity-v9-xp\/","og_site_name":"HBC Shop","article_modified_time":"2021-06-05T10:31:19+00:00","og_image":[{"width":1329,"height":1174,"url":"https:\/\/hbchockeyshop.com\/wp-content\/uploads\/2021\/05\/074FD2CB-C0A2-416A-B9AA-C804C92B8068.jpeg","type":"image\/jpeg"}],"twitter_card":"summary_large_image","twitter_misc":{"Dur\u00e9e de lecture estim\u00e9e":"1 minute"},"schema":{"@context":"https:\/\/schema.org","@graph":[{"@type":"WebPage","@id":"https:\/\/hbchockeyshop.com\/index.php\/produit\/mitaine-vaughn-velocity-v9-xp\/","url":"https:\/\/hbchockeyshop.com\/index.php\/produit\/mitaine-vaughn-velocity-v9-xp\/","name":"Mitaine Vaughn - Velocity V9 XP - HBC Shop","isPartOf":{"@id":"https:\/\/hbchockeyshop.com\/#website"},"primaryImageOfPage":{"@id":"https:\/\/hbchockeyshop.com\/index.php\/produit\/mitaine-vaughn-velocity-v9-xp\/#primaryimage"},"image":{"@id":"https:\/\/hbchockeyshop.com\/index.php\/produit\/mitaine-vaughn-velocity-v9-xp\/#primaryimage"},"thumbnailUrl":"https:\/\/hbchockeyshop.com\/wp-content\/uploads\/2021\/05\/074FD2CB-C0A2-416A-B9AA-C804C92B8068.jpeg","datePublished":"2021-05-09T08:40:42+00:00","dateModified":"2021-06-05T10:31:19+00:00","breadcrumb":{"@id":"https:\/\/hbchockeyshop.com\/index.php\/produit\/mitaine-vaughn-velocity-v9-xp\/#breadcrumb"},"inLanguage":"fr-FR","potentialAction":[{"@type":"ReadAction","target":["https:\/\/hbchockeyshop.com\/index.php\/produit\/mitaine-vaughn-velocity-v9-xp\/"]}]},{"@type":"ImageObject","inLanguage":"fr-FR","@id":"https:\/\/hbchockeyshop.com\/index.php\/produit\/mitaine-vaughn-velocity-v9-xp\/#primaryimage","url":"https:\/\/hbchockeyshop.com\/wp-content\/uploads\/2021\/05\/074FD2CB-C0A2-416A-B9AA-C804C92B8068.jpeg","contentUrl":"https:\/\/hbchockeyshop.com\/wp-content\/uploads\/2021\/05\/074FD2CB-C0A2-416A-B9AA-C804C92B8068.jpeg","width":1329,"height":1174},{"@type":"BreadcrumbList","@id":"https:\/\/hbchockeyshop.com\/index.php\/produit\/mitaine-vaughn-velocity-v9-xp\/#breadcrumb","itemListElement":[{"@type":"ListItem","position":1,"name":"Accueil","item":"https:\/\/hbchockeyshop.com\/"},{"@type":"ListItem","position":2,"name":"Shop","item":"https:\/\/hbchockeyshop.com\/index.php\/shop\/"},{"@type":"ListItem","position":3,"name":"Mitaine Vaughn &#8211; Velocity V9 XP"}]},{"@type":"WebSite","@id":"https:\/\/hbchockeyshop.com\/#website","url":"https:\/\/hbchockeyshop.com\/","name":"HBC Shop","description":"","publisher":{"@id":"https:\/\/hbchockeyshop.com\/#organization"},"potentialAction":[{"@type":"SearchAction","target":{"@type":"EntryPoint","urlTemplate":"https:\/\/hbchockeyshop.com\/?s={search_term_string}"},"query-input":{"@type":"PropertyValueSpecification","valueRequired":true,"valueName":"search_term_string"}}],"inLanguage":"fr-FR"},{"@type":"Organization","@id":"https:\/\/hbchockeyshop.com\/#organization","name":"HBC Hockey Shop","url":"https:\/\/hbchockeyshop.com\/","logo":{"@type":"ImageObject","inLanguage":"fr-FR","@id":"https:\/\/hbchockeyshop.com\/#\/schema\/logo\/image\/","url":"https:\/\/hbchockeyshop.com\/wp-content\/uploads\/2021\/06\/C41D0B17-6441-440B-82D0-B36223D45945.jpeg","contentUrl":"https:\/\/hbchockeyshop.com\/wp-content\/uploads\/2021\/06\/C41D0B17-6441-440B-82D0-B36223D45945.jpeg","width":960,"height":960,"caption":"HBC Hockey Shop"},"image":{"@id":"https:\/\/hbchockeyshop.com\/#\/schema\/logo\/image\/"}}]}},"_links":{"self":[{"href":"https:\/\/hbchockeyshop.com\/index.php\/wp-json\/wp\/v2\/product\/3395","targetHints":{"allow":["GET"]}}],"collection":[{"href":"https:\/\/hbchockeyshop.com\/index.php\/wp-json\/wp\/v2\/product"}],"about":[{"href":"https:\/\/hbchockeyshop.com\/index.php\/wp-json\/wp\/v2\/types\/product"}],"replies":[{"embeddable":true,"href":"https:\/\/hbchockeyshop.com\/index.php\/wp-json\/wp\/v2\/comments?post=3395"}],"version-history":[{"count":4,"href":"https:\/\/hbchockeyshop.com\/index.php\/wp-json\/wp\/v2\/product\/3395\/revisions"}],"predecessor-version":[{"id":3413,"href":"https:\/\/hbchockeyshop.com\/index.php\/wp-json\/wp\/v2\/product\/3395\/revisions\/3413"}],"wp:featuredmedia":[{"embeddable":true,"href":"https:\/\/hbchockeyshop.com\/index.php\/wp-json\/wp\/v2\/media\/3410"}],"wp:attachment":[{"href":"https:\/\/hbchockeyshop.com\/index.php\/wp-json\/wp\/v2\/media?parent=3395"}],"wp:term":[{"taxonomy":"product_brand","embeddable":true,"href":"https:\/\/hbchockeyshop.com\/index.php\/wp-json\/wp\/v2\/product_brand?post=3395"},{"taxonomy":"product_cat","embeddable":true,"href":"https:\/\/hbchockeyshop.com\/index.php\/wp-json\/wp\/v2\/product_cat?post=3395"},{"taxonomy":"product_tag","embeddable":true,"href":"https:\/\/hbchockeyshop.com\/index.php\/wp-json\/wp\/v2\/product_tag?post=3395"}],"curies":[{"name":"wp","href":"https:\/\/api.w.org\/{rel}","templated":true}]}}