{"id":3350,"date":"2021-05-06T17:35:02","date_gmt":"2021-05-06T15:35:02","guid":{"rendered":"https:\/\/hbchockeyshop.com\/?post_type=product&#038;p=3350"},"modified":"2021-06-05T12:31:32","modified_gmt":"2021-06-05T10:31:32","slug":"bouclier-vaughn-velocity-v9-pro-senior","status":"publish","type":"product","link":"https:\/\/hbchockeyshop.com\/index.php\/produit\/bouclier-vaughn-velocity-v9-pro-senior\/","title":{"rendered":"Bouclier Vaughn &#8211; Velocity V9 Pro &#8211; Senior"},"content":{"rendered":"<p>-Graphiques V9 pour un look et un attrait distinctifs<br \/>\n-Panneau int\u00e9rieur en mousse \u00e9paisse pour une rigidit\u00e9 accrue<br \/>\n-Flexion sup\u00e9rieure de la planche profonde pour la d\u00e9viation de la rondelle<br \/>\n-Bloqueur lac\u00e9 \u00e0 l&rsquo;avant pour un contr\u00f4le sup\u00e9rieur de la rondelle<br \/>\n-Coussin de coussin pour le dos pour le confort et la protection<br \/>\n-Paume avec conception de g\u00e2chette d&rsquo;index et de petit doigt<\/p>\n<p>-Protection lat\u00e9rale des doigts<br \/>\n-Grande protection de l&rsquo;index sur le c\u00f4t\u00e9<br \/>\n-Paume con\u00e7ue pour un ajustement et un confort am\u00e9lior\u00e9s<br \/>\n-Mousse de carbone HD pour une protection et des performances accrues<br \/>\n-\u00c9cran lat\u00e9ral avec mousse HD pour plus de stabilit\u00e9<br \/>\n-La conception de la manchette flottante augmente le mouvement du poignet<br \/>\n-Coussinet flottant d&rsquo;index lat\u00e9ral pour couvrir la palette<\/p>\n","protected":false},"excerpt":{"rendered":"<p>Exp\u00e9dition du produit sous 12 Jours ouvr\u00e9s<\/p>\n","protected":false},"featured_media":3357,"comment_status":"open","ping_status":"closed","template":"","meta":{"site-sidebar-layout":"default","site-content-layout":"default","ast-site-content-layout":"default","site-content-style":"default","site-sidebar-style":"default","ast-global-header-display":"","ast-banner-title-visibility":"","ast-main-header-display":"","ast-hfb-above-header-display":"","ast-hfb-below-header-display":"","ast-hfb-mobile-header-display":"","site-post-title":"","ast-breadcrumbs-content":"","ast-featured-img":"","footer-sml-layout":"","ast-disable-related-posts":"","theme-transparent-header-meta":"default","adv-header-id-meta":"","stick-header-meta":"","header-above-stick-meta":"","header-main-stick-meta":"","header-below-stick-meta":"","astra-migrate-meta-layouts":"default","ast-page-background-enabled":"default","ast-page-background-meta":{"desktop":{"background-color":"","background-image":"","background-repeat":"repeat","background-position":"center center","background-size":"auto","background-attachment":"scroll","background-type":"","background-media":"","overlay-type":"","overlay-color":"","overlay-opacity":"","overlay-gradient":""},"tablet":{"background-color":"","background-image":"","background-repeat":"repeat","background-position":"center center","background-size":"auto","background-attachment":"scroll","background-type":"","background-media":"","overlay-type":"","overlay-color":"","overlay-opacity":"","overlay-gradient":""},"mobile":{"background-color":"","background-image":"","background-repeat":"repeat","background-position":"center center","background-size":"auto","background-attachment":"scroll","background-type":"","background-media":"","overlay-type":"","overlay-color":"","overlay-opacity":"","overlay-gradient":""}},"ast-content-background-meta":{"desktop":{"background-color":"var(--ast-global-color-5)","background-image":"","background-repeat":"repeat","background-position":"center center","background-size":"auto","background-attachment":"scroll","background-type":"","background-media":"","overlay-type":"","overlay-color":"","overlay-opacity":"","overlay-gradient":""},"tablet":{"background-color":"var(--ast-global-color-5)","background-image":"","background-repeat":"repeat","background-position":"center center","background-size":"auto","background-attachment":"scroll","background-type":"","background-media":"","overlay-type":"","overlay-color":"","overlay-opacity":"","overlay-gradient":""},"mobile":{"background-color":"var(--ast-global-color-5)","background-image":"","background-repeat":"repeat","background-position":"center center","background-size":"auto","background-attachment":"scroll","background-type":"","background-media":"","overlay-type":"","overlay-color":"","overlay-opacity":"","overlay-gradient":""}}},"product_brand":[],"product_cat":[138],"product_tag":[],"class_list":{"0":"post-3350","1":"product","2":"type-product","3":"status-publish","4":"has-post-thumbnail","6":"product_cat-boucliers","7":"desktop-align-left","8":"tablet-align-left","9":"mobile-align-left","11":"first","12":"instock","13":"purchasable","14":"product-type-variable"},"yoast_head":"<!-- This site is optimized with the Yoast SEO plugin v25.5 - https:\/\/yoast.com\/wordpress\/plugins\/seo\/ -->\n<title>Bouclier Vaughn - Velocity V9 Pro - Senior - HBC Shop<\/title>\n<meta name=\"robots\" content=\"index, follow, max-snippet:-1, max-image-preview:large, max-video-preview:-1\" \/>\n<link rel=\"canonical\" href=\"https:\/\/hbchockeyshop.com\/index.php\/produit\/bouclier-vaughn-velocity-v9-pro-senior\/\" \/>\n<meta property=\"og:locale\" content=\"fr_FR\" \/>\n<meta property=\"og:type\" content=\"article\" \/>\n<meta property=\"og:title\" content=\"Bouclier Vaughn - Velocity V9 Pro - Senior - HBC Shop\" \/>\n<meta property=\"og:description\" content=\"Exp\u00e9dition du produit sous 12 Jours ouvr\u00e9s\" \/>\n<meta property=\"og:url\" content=\"https:\/\/hbchockeyshop.com\/index.php\/produit\/bouclier-vaughn-velocity-v9-pro-senior\/\" \/>\n<meta property=\"og:site_name\" content=\"HBC Shop\" \/>\n<meta property=\"article:modified_time\" content=\"2021-06-05T10:31:32+00:00\" \/>\n<meta property=\"og:image\" content=\"https:\/\/hbchockeyshop.com\/wp-content\/uploads\/2021\/05\/368F9A52-2C3C-46AB-86EA-C74B284D9AC9.jpeg\" \/>\n\t<meta property=\"og:image:width\" content=\"1341\" \/>\n\t<meta property=\"og:image:height\" content=\"1312\" \/>\n\t<meta property=\"og:image:type\" content=\"image\/jpeg\" \/>\n<meta name=\"twitter:card\" content=\"summary_large_image\" \/>\n<meta name=\"twitter:label1\" content=\"Dur\u00e9e de lecture estim\u00e9e\" \/>\n\t<meta name=\"twitter:data1\" content=\"1 minute\" \/>\n<script type=\"application\/ld+json\" class=\"yoast-schema-graph\">{\"@context\":\"https:\/\/schema.org\",\"@graph\":[{\"@type\":\"WebPage\",\"@id\":\"https:\/\/hbchockeyshop.com\/index.php\/produit\/bouclier-vaughn-velocity-v9-pro-senior\/\",\"url\":\"https:\/\/hbchockeyshop.com\/index.php\/produit\/bouclier-vaughn-velocity-v9-pro-senior\/\",\"name\":\"Bouclier Vaughn - Velocity V9 Pro - Senior - HBC Shop\",\"isPartOf\":{\"@id\":\"https:\/\/hbchockeyshop.com\/#website\"},\"primaryImageOfPage\":{\"@id\":\"https:\/\/hbchockeyshop.com\/index.php\/produit\/bouclier-vaughn-velocity-v9-pro-senior\/#primaryimage\"},\"image\":{\"@id\":\"https:\/\/hbchockeyshop.com\/index.php\/produit\/bouclier-vaughn-velocity-v9-pro-senior\/#primaryimage\"},\"thumbnailUrl\":\"https:\/\/hbchockeyshop.com\/wp-content\/uploads\/2021\/05\/368F9A52-2C3C-46AB-86EA-C74B284D9AC9.jpeg\",\"datePublished\":\"2021-05-06T15:35:02+00:00\",\"dateModified\":\"2021-06-05T10:31:32+00:00\",\"breadcrumb\":{\"@id\":\"https:\/\/hbchockeyshop.com\/index.php\/produit\/bouclier-vaughn-velocity-v9-pro-senior\/#breadcrumb\"},\"inLanguage\":\"fr-FR\",\"potentialAction\":[{\"@type\":\"ReadAction\",\"target\":[\"https:\/\/hbchockeyshop.com\/index.php\/produit\/bouclier-vaughn-velocity-v9-pro-senior\/\"]}]},{\"@type\":\"ImageObject\",\"inLanguage\":\"fr-FR\",\"@id\":\"https:\/\/hbchockeyshop.com\/index.php\/produit\/bouclier-vaughn-velocity-v9-pro-senior\/#primaryimage\",\"url\":\"https:\/\/hbchockeyshop.com\/wp-content\/uploads\/2021\/05\/368F9A52-2C3C-46AB-86EA-C74B284D9AC9.jpeg\",\"contentUrl\":\"https:\/\/hbchockeyshop.com\/wp-content\/uploads\/2021\/05\/368F9A52-2C3C-46AB-86EA-C74B284D9AC9.jpeg\",\"width\":1341,\"height\":1312},{\"@type\":\"BreadcrumbList\",\"@id\":\"https:\/\/hbchockeyshop.com\/index.php\/produit\/bouclier-vaughn-velocity-v9-pro-senior\/#breadcrumb\",\"itemListElement\":[{\"@type\":\"ListItem\",\"position\":1,\"name\":\"Accueil\",\"item\":\"https:\/\/hbchockeyshop.com\/\"},{\"@type\":\"ListItem\",\"position\":2,\"name\":\"Shop\",\"item\":\"https:\/\/hbchockeyshop.com\/index.php\/shop\/\"},{\"@type\":\"ListItem\",\"position\":3,\"name\":\"Bouclier Vaughn &#8211; Velocity V9 Pro &#8211; Senior\"}]},{\"@type\":\"WebSite\",\"@id\":\"https:\/\/hbchockeyshop.com\/#website\",\"url\":\"https:\/\/hbchockeyshop.com\/\",\"name\":\"HBC Shop\",\"description\":\"\",\"publisher\":{\"@id\":\"https:\/\/hbchockeyshop.com\/#organization\"},\"potentialAction\":[{\"@type\":\"SearchAction\",\"target\":{\"@type\":\"EntryPoint\",\"urlTemplate\":\"https:\/\/hbchockeyshop.com\/?s={search_term_string}\"},\"query-input\":{\"@type\":\"PropertyValueSpecification\",\"valueRequired\":true,\"valueName\":\"search_term_string\"}}],\"inLanguage\":\"fr-FR\"},{\"@type\":\"Organization\",\"@id\":\"https:\/\/hbchockeyshop.com\/#organization\",\"name\":\"HBC Hockey Shop\",\"url\":\"https:\/\/hbchockeyshop.com\/\",\"logo\":{\"@type\":\"ImageObject\",\"inLanguage\":\"fr-FR\",\"@id\":\"https:\/\/hbchockeyshop.com\/#\/schema\/logo\/image\/\",\"url\":\"https:\/\/hbchockeyshop.com\/wp-content\/uploads\/2021\/06\/C41D0B17-6441-440B-82D0-B36223D45945.jpeg\",\"contentUrl\":\"https:\/\/hbchockeyshop.com\/wp-content\/uploads\/2021\/06\/C41D0B17-6441-440B-82D0-B36223D45945.jpeg\",\"width\":960,\"height\":960,\"caption\":\"HBC Hockey Shop\"},\"image\":{\"@id\":\"https:\/\/hbchockeyshop.com\/#\/schema\/logo\/image\/\"}}]}<\/script>\n<!-- \/ Yoast SEO plugin. -->","yoast_head_json":{"title":"Bouclier Vaughn - Velocity V9 Pro - Senior - HBC Shop","robots":{"index":"index","follow":"follow","max-snippet":"max-snippet:-1","max-image-preview":"max-image-preview:large","max-video-preview":"max-video-preview:-1"},"canonical":"https:\/\/hbchockeyshop.com\/index.php\/produit\/bouclier-vaughn-velocity-v9-pro-senior\/","og_locale":"fr_FR","og_type":"article","og_title":"Bouclier Vaughn - Velocity V9 Pro - Senior - HBC Shop","og_description":"Exp\u00e9dition du produit sous 12 Jours ouvr\u00e9s","og_url":"https:\/\/hbchockeyshop.com\/index.php\/produit\/bouclier-vaughn-velocity-v9-pro-senior\/","og_site_name":"HBC Shop","article_modified_time":"2021-06-05T10:31:32+00:00","og_image":[{"width":1341,"height":1312,"url":"https:\/\/hbchockeyshop.com\/wp-content\/uploads\/2021\/05\/368F9A52-2C3C-46AB-86EA-C74B284D9AC9.jpeg","type":"image\/jpeg"}],"twitter_card":"summary_large_image","twitter_misc":{"Dur\u00e9e de lecture estim\u00e9e":"1 minute"},"schema":{"@context":"https:\/\/schema.org","@graph":[{"@type":"WebPage","@id":"https:\/\/hbchockeyshop.com\/index.php\/produit\/bouclier-vaughn-velocity-v9-pro-senior\/","url":"https:\/\/hbchockeyshop.com\/index.php\/produit\/bouclier-vaughn-velocity-v9-pro-senior\/","name":"Bouclier Vaughn - Velocity V9 Pro - Senior - HBC Shop","isPartOf":{"@id":"https:\/\/hbchockeyshop.com\/#website"},"primaryImageOfPage":{"@id":"https:\/\/hbchockeyshop.com\/index.php\/produit\/bouclier-vaughn-velocity-v9-pro-senior\/#primaryimage"},"image":{"@id":"https:\/\/hbchockeyshop.com\/index.php\/produit\/bouclier-vaughn-velocity-v9-pro-senior\/#primaryimage"},"thumbnailUrl":"https:\/\/hbchockeyshop.com\/wp-content\/uploads\/2021\/05\/368F9A52-2C3C-46AB-86EA-C74B284D9AC9.jpeg","datePublished":"2021-05-06T15:35:02+00:00","dateModified":"2021-06-05T10:31:32+00:00","breadcrumb":{"@id":"https:\/\/hbchockeyshop.com\/index.php\/produit\/bouclier-vaughn-velocity-v9-pro-senior\/#breadcrumb"},"inLanguage":"fr-FR","potentialAction":[{"@type":"ReadAction","target":["https:\/\/hbchockeyshop.com\/index.php\/produit\/bouclier-vaughn-velocity-v9-pro-senior\/"]}]},{"@type":"ImageObject","inLanguage":"fr-FR","@id":"https:\/\/hbchockeyshop.com\/index.php\/produit\/bouclier-vaughn-velocity-v9-pro-senior\/#primaryimage","url":"https:\/\/hbchockeyshop.com\/wp-content\/uploads\/2021\/05\/368F9A52-2C3C-46AB-86EA-C74B284D9AC9.jpeg","contentUrl":"https:\/\/hbchockeyshop.com\/wp-content\/uploads\/2021\/05\/368F9A52-2C3C-46AB-86EA-C74B284D9AC9.jpeg","width":1341,"height":1312},{"@type":"BreadcrumbList","@id":"https:\/\/hbchockeyshop.com\/index.php\/produit\/bouclier-vaughn-velocity-v9-pro-senior\/#breadcrumb","itemListElement":[{"@type":"ListItem","position":1,"name":"Accueil","item":"https:\/\/hbchockeyshop.com\/"},{"@type":"ListItem","position":2,"name":"Shop","item":"https:\/\/hbchockeyshop.com\/index.php\/shop\/"},{"@type":"ListItem","position":3,"name":"Bouclier Vaughn &#8211; Velocity V9 Pro &#8211; Senior"}]},{"@type":"WebSite","@id":"https:\/\/hbchockeyshop.com\/#website","url":"https:\/\/hbchockeyshop.com\/","name":"HBC Shop","description":"","publisher":{"@id":"https:\/\/hbchockeyshop.com\/#organization"},"potentialAction":[{"@type":"SearchAction","target":{"@type":"EntryPoint","urlTemplate":"https:\/\/hbchockeyshop.com\/?s={search_term_string}"},"query-input":{"@type":"PropertyValueSpecification","valueRequired":true,"valueName":"search_term_string"}}],"inLanguage":"fr-FR"},{"@type":"Organization","@id":"https:\/\/hbchockeyshop.com\/#organization","name":"HBC Hockey Shop","url":"https:\/\/hbchockeyshop.com\/","logo":{"@type":"ImageObject","inLanguage":"fr-FR","@id":"https:\/\/hbchockeyshop.com\/#\/schema\/logo\/image\/","url":"https:\/\/hbchockeyshop.com\/wp-content\/uploads\/2021\/06\/C41D0B17-6441-440B-82D0-B36223D45945.jpeg","contentUrl":"https:\/\/hbchockeyshop.com\/wp-content\/uploads\/2021\/06\/C41D0B17-6441-440B-82D0-B36223D45945.jpeg","width":960,"height":960,"caption":"HBC Hockey Shop"},"image":{"@id":"https:\/\/hbchockeyshop.com\/#\/schema\/logo\/image\/"}}]}},"_links":{"self":[{"href":"https:\/\/hbchockeyshop.com\/index.php\/wp-json\/wp\/v2\/product\/3350","targetHints":{"allow":["GET"]}}],"collection":[{"href":"https:\/\/hbchockeyshop.com\/index.php\/wp-json\/wp\/v2\/product"}],"about":[{"href":"https:\/\/hbchockeyshop.com\/index.php\/wp-json\/wp\/v2\/types\/product"}],"replies":[{"embeddable":true,"href":"https:\/\/hbchockeyshop.com\/index.php\/wp-json\/wp\/v2\/comments?post=3350"}],"version-history":[{"count":2,"href":"https:\/\/hbchockeyshop.com\/index.php\/wp-json\/wp\/v2\/product\/3350\/revisions"}],"predecessor-version":[{"id":3374,"href":"https:\/\/hbchockeyshop.com\/index.php\/wp-json\/wp\/v2\/product\/3350\/revisions\/3374"}],"wp:featuredmedia":[{"embeddable":true,"href":"https:\/\/hbchockeyshop.com\/index.php\/wp-json\/wp\/v2\/media\/3357"}],"wp:attachment":[{"href":"https:\/\/hbchockeyshop.com\/index.php\/wp-json\/wp\/v2\/media?parent=3350"}],"wp:term":[{"taxonomy":"product_brand","embeddable":true,"href":"https:\/\/hbchockeyshop.com\/index.php\/wp-json\/wp\/v2\/product_brand?post=3350"},{"taxonomy":"product_cat","embeddable":true,"href":"https:\/\/hbchockeyshop.com\/index.php\/wp-json\/wp\/v2\/product_cat?post=3350"},{"taxonomy":"product_tag","embeddable":true,"href":"https:\/\/hbchockeyshop.com\/index.php\/wp-json\/wp\/v2\/product_tag?post=3350"}],"curies":[{"name":"wp","href":"https:\/\/api.w.org\/{rel}","templated":true}]}}