{"id":3329,"date":"2021-05-06T16:30:15","date_gmt":"2021-05-06T14:30:15","guid":{"rendered":"https:\/\/hbchockeyshop.com\/?post_type=product&#038;p=3329"},"modified":"2021-06-05T12:31:54","modified_gmt":"2021-06-05T10:31:54","slug":"plastron-vaughn-velocity-v9-intermediaire","status":"publish","type":"product","link":"https:\/\/hbchockeyshop.com\/index.php\/produit\/plastron-vaughn-velocity-v9-intermediaire\/","title":{"rendered":"Plastron Vaughn &#8211; Velocity V9 &#8211; Interm\u00e9diaire"},"content":{"rendered":"<p>-Mousses de carbone HD utilis\u00e9es pour un poids l\u00e9ger et une protection accrue<br \/>\n-La conception de la poitrine \u00e9largit la zone de couverture<br \/>\n-M\u00eames fonctionnalit\u00e9s que notre unit\u00e9 Pro r\u00e9duite au dimensionnement INT<br \/>\n-Syst\u00e8me de r\u00e9glage vertical du coussin de poitrine<br \/>\n-Graphiques V9 pour un look et un attrait distinctifs \/ li&gt;<br \/>\n-Con\u00e7u pour un poids l\u00e9ger et un confort avec une extr\u00eame adaptabilit\u00e9<br \/>\n-Flotteurs d&rsquo;\u00e9paule segment\u00e9s avec mousse HD<br \/>\n-Les capuchons de bras \u00e0 surface avant plate augmentent la zone de couverture<br \/>\n-Les flotteurs de bras avec un profil lat\u00e9ral plus profond ajoutent \u00e0 la zone de couverture<br \/>\n-Flotteurs de bras avec coussin de barre interm\u00e9diaire dans la couture centrale<br \/>\n-Longueur et positionnement du bras r\u00e9glables pour un ajustement personnalis\u00e9 pr\u00e9cis<br \/>\n-Disponible en tailles interm\u00e9diaires M, L, XL, XXL<\/p>\n","protected":false},"excerpt":{"rendered":"<p>Exp\u00e9dition du produit sous 12 Jours ouvr\u00e9s<\/p>\n","protected":false},"featured_media":3334,"comment_status":"open","ping_status":"closed","template":"","meta":{"site-sidebar-layout":"default","site-content-layout":"default","ast-site-content-layout":"default","site-content-style":"default","site-sidebar-style":"default","ast-global-header-display":"","ast-banner-title-visibility":"","ast-main-header-display":"","ast-hfb-above-header-display":"","ast-hfb-below-header-display":"","ast-hfb-mobile-header-display":"","site-post-title":"","ast-breadcrumbs-content":"","ast-featured-img":"","footer-sml-layout":"","ast-disable-related-posts":"","theme-transparent-header-meta":"default","adv-header-id-meta":"","stick-header-meta":"","header-above-stick-meta":"","header-main-stick-meta":"","header-below-stick-meta":"","astra-migrate-meta-layouts":"default","ast-page-background-enabled":"default","ast-page-background-meta":{"desktop":{"background-color":"","background-image":"","background-repeat":"repeat","background-position":"center center","background-size":"auto","background-attachment":"scroll","background-type":"","background-media":"","overlay-type":"","overlay-color":"","overlay-opacity":"","overlay-gradient":""},"tablet":{"background-color":"","background-image":"","background-repeat":"repeat","background-position":"center center","background-size":"auto","background-attachment":"scroll","background-type":"","background-media":"","overlay-type":"","overlay-color":"","overlay-opacity":"","overlay-gradient":""},"mobile":{"background-color":"","background-image":"","background-repeat":"repeat","background-position":"center center","background-size":"auto","background-attachment":"scroll","background-type":"","background-media":"","overlay-type":"","overlay-color":"","overlay-opacity":"","overlay-gradient":""}},"ast-content-background-meta":{"desktop":{"background-color":"var(--ast-global-color-5)","background-image":"","background-repeat":"repeat","background-position":"center center","background-size":"auto","background-attachment":"scroll","background-type":"","background-media":"","overlay-type":"","overlay-color":"","overlay-opacity":"","overlay-gradient":""},"tablet":{"background-color":"var(--ast-global-color-5)","background-image":"","background-repeat":"repeat","background-position":"center center","background-size":"auto","background-attachment":"scroll","background-type":"","background-media":"","overlay-type":"","overlay-color":"","overlay-opacity":"","overlay-gradient":""},"mobile":{"background-color":"var(--ast-global-color-5)","background-image":"","background-repeat":"repeat","background-position":"center center","background-size":"auto","background-attachment":"scroll","background-type":"","background-media":"","overlay-type":"","overlay-color":"","overlay-opacity":"","overlay-gradient":""}}},"product_brand":[],"product_cat":[104],"product_tag":[],"class_list":{"0":"post-3329","1":"product","2":"type-product","3":"status-publish","4":"has-post-thumbnail","6":"product_cat-plastrons","7":"desktop-align-left","8":"tablet-align-left","9":"mobile-align-left","11":"first","12":"instock","13":"purchasable","14":"product-type-variable"},"yoast_head":"<!-- This site is optimized with the Yoast SEO plugin v25.5 - https:\/\/yoast.com\/wordpress\/plugins\/seo\/ -->\n<title>Plastron Vaughn - Velocity V9 - Interm\u00e9diaire - HBC Shop<\/title>\n<meta name=\"robots\" content=\"index, follow, max-snippet:-1, max-image-preview:large, max-video-preview:-1\" \/>\n<link rel=\"canonical\" href=\"https:\/\/hbchockeyshop.com\/index.php\/produit\/plastron-vaughn-velocity-v9-intermediaire\/\" \/>\n<meta property=\"og:locale\" content=\"fr_FR\" \/>\n<meta property=\"og:type\" content=\"article\" \/>\n<meta property=\"og:title\" content=\"Plastron Vaughn - Velocity V9 - Interm\u00e9diaire - HBC Shop\" \/>\n<meta property=\"og:description\" content=\"Exp\u00e9dition du produit sous 12 Jours ouvr\u00e9s\" \/>\n<meta property=\"og:url\" content=\"https:\/\/hbchockeyshop.com\/index.php\/produit\/plastron-vaughn-velocity-v9-intermediaire\/\" \/>\n<meta property=\"og:site_name\" content=\"HBC Shop\" \/>\n<meta property=\"article:modified_time\" content=\"2021-06-05T10:31:54+00:00\" \/>\n<meta property=\"og:image\" content=\"https:\/\/hbchockeyshop.com\/wp-content\/uploads\/2021\/05\/5D4AE296-2153-485A-8563-7C36AEA3871C.jpeg\" \/>\n\t<meta property=\"og:image:width\" content=\"1322\" \/>\n\t<meta property=\"og:image:height\" content=\"1084\" \/>\n\t<meta property=\"og:image:type\" content=\"image\/jpeg\" \/>\n<meta name=\"twitter:card\" content=\"summary_large_image\" \/>\n<meta name=\"twitter:label1\" content=\"Dur\u00e9e de lecture estim\u00e9e\" \/>\n\t<meta name=\"twitter:data1\" content=\"1 minute\" \/>\n<script type=\"application\/ld+json\" class=\"yoast-schema-graph\">{\"@context\":\"https:\/\/schema.org\",\"@graph\":[{\"@type\":\"WebPage\",\"@id\":\"https:\/\/hbchockeyshop.com\/index.php\/produit\/plastron-vaughn-velocity-v9-intermediaire\/\",\"url\":\"https:\/\/hbchockeyshop.com\/index.php\/produit\/plastron-vaughn-velocity-v9-intermediaire\/\",\"name\":\"Plastron Vaughn - Velocity V9 - Interm\u00e9diaire - HBC Shop\",\"isPartOf\":{\"@id\":\"https:\/\/hbchockeyshop.com\/#website\"},\"primaryImageOfPage\":{\"@id\":\"https:\/\/hbchockeyshop.com\/index.php\/produit\/plastron-vaughn-velocity-v9-intermediaire\/#primaryimage\"},\"image\":{\"@id\":\"https:\/\/hbchockeyshop.com\/index.php\/produit\/plastron-vaughn-velocity-v9-intermediaire\/#primaryimage\"},\"thumbnailUrl\":\"https:\/\/hbchockeyshop.com\/wp-content\/uploads\/2021\/05\/5D4AE296-2153-485A-8563-7C36AEA3871C.jpeg\",\"datePublished\":\"2021-05-06T14:30:15+00:00\",\"dateModified\":\"2021-06-05T10:31:54+00:00\",\"breadcrumb\":{\"@id\":\"https:\/\/hbchockeyshop.com\/index.php\/produit\/plastron-vaughn-velocity-v9-intermediaire\/#breadcrumb\"},\"inLanguage\":\"fr-FR\",\"potentialAction\":[{\"@type\":\"ReadAction\",\"target\":[\"https:\/\/hbchockeyshop.com\/index.php\/produit\/plastron-vaughn-velocity-v9-intermediaire\/\"]}]},{\"@type\":\"ImageObject\",\"inLanguage\":\"fr-FR\",\"@id\":\"https:\/\/hbchockeyshop.com\/index.php\/produit\/plastron-vaughn-velocity-v9-intermediaire\/#primaryimage\",\"url\":\"https:\/\/hbchockeyshop.com\/wp-content\/uploads\/2021\/05\/5D4AE296-2153-485A-8563-7C36AEA3871C.jpeg\",\"contentUrl\":\"https:\/\/hbchockeyshop.com\/wp-content\/uploads\/2021\/05\/5D4AE296-2153-485A-8563-7C36AEA3871C.jpeg\",\"width\":1322,\"height\":1084},{\"@type\":\"BreadcrumbList\",\"@id\":\"https:\/\/hbchockeyshop.com\/index.php\/produit\/plastron-vaughn-velocity-v9-intermediaire\/#breadcrumb\",\"itemListElement\":[{\"@type\":\"ListItem\",\"position\":1,\"name\":\"Accueil\",\"item\":\"https:\/\/hbchockeyshop.com\/\"},{\"@type\":\"ListItem\",\"position\":2,\"name\":\"Shop\",\"item\":\"https:\/\/hbchockeyshop.com\/index.php\/shop\/\"},{\"@type\":\"ListItem\",\"position\":3,\"name\":\"Plastron Vaughn &#8211; Velocity V9 &#8211; Interm\u00e9diaire\"}]},{\"@type\":\"WebSite\",\"@id\":\"https:\/\/hbchockeyshop.com\/#website\",\"url\":\"https:\/\/hbchockeyshop.com\/\",\"name\":\"HBC Shop\",\"description\":\"\",\"publisher\":{\"@id\":\"https:\/\/hbchockeyshop.com\/#organization\"},\"potentialAction\":[{\"@type\":\"SearchAction\",\"target\":{\"@type\":\"EntryPoint\",\"urlTemplate\":\"https:\/\/hbchockeyshop.com\/?s={search_term_string}\"},\"query-input\":{\"@type\":\"PropertyValueSpecification\",\"valueRequired\":true,\"valueName\":\"search_term_string\"}}],\"inLanguage\":\"fr-FR\"},{\"@type\":\"Organization\",\"@id\":\"https:\/\/hbchockeyshop.com\/#organization\",\"name\":\"HBC Hockey Shop\",\"url\":\"https:\/\/hbchockeyshop.com\/\",\"logo\":{\"@type\":\"ImageObject\",\"inLanguage\":\"fr-FR\",\"@id\":\"https:\/\/hbchockeyshop.com\/#\/schema\/logo\/image\/\",\"url\":\"https:\/\/hbchockeyshop.com\/wp-content\/uploads\/2021\/06\/C41D0B17-6441-440B-82D0-B36223D45945.jpeg\",\"contentUrl\":\"https:\/\/hbchockeyshop.com\/wp-content\/uploads\/2021\/06\/C41D0B17-6441-440B-82D0-B36223D45945.jpeg\",\"width\":960,\"height\":960,\"caption\":\"HBC Hockey Shop\"},\"image\":{\"@id\":\"https:\/\/hbchockeyshop.com\/#\/schema\/logo\/image\/\"}}]}<\/script>\n<!-- \/ Yoast SEO plugin. -->","yoast_head_json":{"title":"Plastron Vaughn - Velocity V9 - Interm\u00e9diaire - HBC Shop","robots":{"index":"index","follow":"follow","max-snippet":"max-snippet:-1","max-image-preview":"max-image-preview:large","max-video-preview":"max-video-preview:-1"},"canonical":"https:\/\/hbchockeyshop.com\/index.php\/produit\/plastron-vaughn-velocity-v9-intermediaire\/","og_locale":"fr_FR","og_type":"article","og_title":"Plastron Vaughn - Velocity V9 - Interm\u00e9diaire - HBC Shop","og_description":"Exp\u00e9dition du produit sous 12 Jours ouvr\u00e9s","og_url":"https:\/\/hbchockeyshop.com\/index.php\/produit\/plastron-vaughn-velocity-v9-intermediaire\/","og_site_name":"HBC Shop","article_modified_time":"2021-06-05T10:31:54+00:00","og_image":[{"width":1322,"height":1084,"url":"https:\/\/hbchockeyshop.com\/wp-content\/uploads\/2021\/05\/5D4AE296-2153-485A-8563-7C36AEA3871C.jpeg","type":"image\/jpeg"}],"twitter_card":"summary_large_image","twitter_misc":{"Dur\u00e9e de lecture estim\u00e9e":"1 minute"},"schema":{"@context":"https:\/\/schema.org","@graph":[{"@type":"WebPage","@id":"https:\/\/hbchockeyshop.com\/index.php\/produit\/plastron-vaughn-velocity-v9-intermediaire\/","url":"https:\/\/hbchockeyshop.com\/index.php\/produit\/plastron-vaughn-velocity-v9-intermediaire\/","name":"Plastron Vaughn - Velocity V9 - Interm\u00e9diaire - HBC Shop","isPartOf":{"@id":"https:\/\/hbchockeyshop.com\/#website"},"primaryImageOfPage":{"@id":"https:\/\/hbchockeyshop.com\/index.php\/produit\/plastron-vaughn-velocity-v9-intermediaire\/#primaryimage"},"image":{"@id":"https:\/\/hbchockeyshop.com\/index.php\/produit\/plastron-vaughn-velocity-v9-intermediaire\/#primaryimage"},"thumbnailUrl":"https:\/\/hbchockeyshop.com\/wp-content\/uploads\/2021\/05\/5D4AE296-2153-485A-8563-7C36AEA3871C.jpeg","datePublished":"2021-05-06T14:30:15+00:00","dateModified":"2021-06-05T10:31:54+00:00","breadcrumb":{"@id":"https:\/\/hbchockeyshop.com\/index.php\/produit\/plastron-vaughn-velocity-v9-intermediaire\/#breadcrumb"},"inLanguage":"fr-FR","potentialAction":[{"@type":"ReadAction","target":["https:\/\/hbchockeyshop.com\/index.php\/produit\/plastron-vaughn-velocity-v9-intermediaire\/"]}]},{"@type":"ImageObject","inLanguage":"fr-FR","@id":"https:\/\/hbchockeyshop.com\/index.php\/produit\/plastron-vaughn-velocity-v9-intermediaire\/#primaryimage","url":"https:\/\/hbchockeyshop.com\/wp-content\/uploads\/2021\/05\/5D4AE296-2153-485A-8563-7C36AEA3871C.jpeg","contentUrl":"https:\/\/hbchockeyshop.com\/wp-content\/uploads\/2021\/05\/5D4AE296-2153-485A-8563-7C36AEA3871C.jpeg","width":1322,"height":1084},{"@type":"BreadcrumbList","@id":"https:\/\/hbchockeyshop.com\/index.php\/produit\/plastron-vaughn-velocity-v9-intermediaire\/#breadcrumb","itemListElement":[{"@type":"ListItem","position":1,"name":"Accueil","item":"https:\/\/hbchockeyshop.com\/"},{"@type":"ListItem","position":2,"name":"Shop","item":"https:\/\/hbchockeyshop.com\/index.php\/shop\/"},{"@type":"ListItem","position":3,"name":"Plastron Vaughn &#8211; Velocity V9 &#8211; Interm\u00e9diaire"}]},{"@type":"WebSite","@id":"https:\/\/hbchockeyshop.com\/#website","url":"https:\/\/hbchockeyshop.com\/","name":"HBC Shop","description":"","publisher":{"@id":"https:\/\/hbchockeyshop.com\/#organization"},"potentialAction":[{"@type":"SearchAction","target":{"@type":"EntryPoint","urlTemplate":"https:\/\/hbchockeyshop.com\/?s={search_term_string}"},"query-input":{"@type":"PropertyValueSpecification","valueRequired":true,"valueName":"search_term_string"}}],"inLanguage":"fr-FR"},{"@type":"Organization","@id":"https:\/\/hbchockeyshop.com\/#organization","name":"HBC Hockey Shop","url":"https:\/\/hbchockeyshop.com\/","logo":{"@type":"ImageObject","inLanguage":"fr-FR","@id":"https:\/\/hbchockeyshop.com\/#\/schema\/logo\/image\/","url":"https:\/\/hbchockeyshop.com\/wp-content\/uploads\/2021\/06\/C41D0B17-6441-440B-82D0-B36223D45945.jpeg","contentUrl":"https:\/\/hbchockeyshop.com\/wp-content\/uploads\/2021\/06\/C41D0B17-6441-440B-82D0-B36223D45945.jpeg","width":960,"height":960,"caption":"HBC Hockey Shop"},"image":{"@id":"https:\/\/hbchockeyshop.com\/#\/schema\/logo\/image\/"}}]}},"_links":{"self":[{"href":"https:\/\/hbchockeyshop.com\/index.php\/wp-json\/wp\/v2\/product\/3329","targetHints":{"allow":["GET"]}}],"collection":[{"href":"https:\/\/hbchockeyshop.com\/index.php\/wp-json\/wp\/v2\/product"}],"about":[{"href":"https:\/\/hbchockeyshop.com\/index.php\/wp-json\/wp\/v2\/types\/product"}],"replies":[{"embeddable":true,"href":"https:\/\/hbchockeyshop.com\/index.php\/wp-json\/wp\/v2\/comments?post=3329"}],"version-history":[{"count":2,"href":"https:\/\/hbchockeyshop.com\/index.php\/wp-json\/wp\/v2\/product\/3329\/revisions"}],"predecessor-version":[{"id":3376,"href":"https:\/\/hbchockeyshop.com\/index.php\/wp-json\/wp\/v2\/product\/3329\/revisions\/3376"}],"wp:featuredmedia":[{"embeddable":true,"href":"https:\/\/hbchockeyshop.com\/index.php\/wp-json\/wp\/v2\/media\/3334"}],"wp:attachment":[{"href":"https:\/\/hbchockeyshop.com\/index.php\/wp-json\/wp\/v2\/media?parent=3329"}],"wp:term":[{"taxonomy":"product_brand","embeddable":true,"href":"https:\/\/hbchockeyshop.com\/index.php\/wp-json\/wp\/v2\/product_brand?post=3329"},{"taxonomy":"product_cat","embeddable":true,"href":"https:\/\/hbchockeyshop.com\/index.php\/wp-json\/wp\/v2\/product_cat?post=3329"},{"taxonomy":"product_tag","embeddable":true,"href":"https:\/\/hbchockeyshop.com\/index.php\/wp-json\/wp\/v2\/product_tag?post=3329"}],"curies":[{"name":"wp","href":"https:\/\/api.w.org\/{rel}","templated":true}]}}