{"id":2935,"date":"2021-04-22T18:16:57","date_gmt":"2021-04-22T16:16:57","guid":{"rendered":"https:\/\/hbchockeyshop.com\/?post_type=product&#038;p=2935"},"modified":"2021-04-23T19:49:41","modified_gmt":"2021-04-23T17:49:41","slug":"bonnet-pompom-ironhide","status":"publish","type":"product","link":"https:\/\/hbchockeyshop.com\/index.php\/produit\/bonnet-pompom-ironhide\/","title":{"rendered":"Bonnet Pompom IRONHIDE"},"content":{"rendered":"<p><strong>Bonnet \u00e0 Pompom IRONHIDE<\/strong><\/p>\n<p>Pr\u00e9parez-vous pour la saison froide avec le bonnet \u00e0 pompon HBC ! Ce bonnet est incroyablement doux et vous gardera au chaud pendant les froides journ\u00e9es d\u2019automne et vos aventures hivernales.<\/p>\n<ul>\n<li>100\u00a0% acrylique doux au toucher<\/li>\n<li>Tricot double<\/li>\n<li>Taille unique<\/li>\n<li>Bonnet \u00e0 ourlet<\/li>\n<li>Pompon au coloris assorti<\/li>\n<li>\u00c9tiquette d\u00e9tachable<\/li>\n<\/ul>\n<div><\/div>\n<p>&nbsp;<\/p>\n","protected":false},"excerpt":{"rendered":"<p>Bonnet \u00e0 Pompom IRONHIDE Pr\u00e9parez-vous pour la saison froide avec le bonnet \u00e0 pompon HBC ! Ce bonnet est incroyablement doux et vous gardera au chaud pendant les froides journ\u00e9es d\u2019automne et vos aventures hivernales. 100\u00a0% acrylique doux au toucher Tricot double Taille unique Bonnet \u00e0 ourlet Pompon au coloris assorti \u00c9tiquette d\u00e9tachable &nbsp;<\/p>\n","protected":false},"featured_media":2939,"comment_status":"open","ping_status":"closed","template":"","meta":{"site-sidebar-layout":"default","site-content-layout":"default","ast-site-content-layout":"default","site-content-style":"default","site-sidebar-style":"default","ast-global-header-display":"","ast-banner-title-visibility":"","ast-main-header-display":"","ast-hfb-above-header-display":"","ast-hfb-below-header-display":"","ast-hfb-mobile-header-display":"","site-post-title":"","ast-breadcrumbs-content":"","ast-featured-img":"","footer-sml-layout":"","ast-disable-related-posts":"","theme-transparent-header-meta":"default","adv-header-id-meta":"","stick-header-meta":"","header-above-stick-meta":"","header-main-stick-meta":"","header-below-stick-meta":"","astra-migrate-meta-layouts":"default","ast-page-background-enabled":"default","ast-page-background-meta":{"desktop":{"background-color":"","background-image":"","background-repeat":"repeat","background-position":"center center","background-size":"auto","background-attachment":"scroll","background-type":"","background-media":"","overlay-type":"","overlay-color":"","overlay-opacity":"","overlay-gradient":""},"tablet":{"background-color":"","background-image":"","background-repeat":"repeat","background-position":"center center","background-size":"auto","background-attachment":"scroll","background-type":"","background-media":"","overlay-type":"","overlay-color":"","overlay-opacity":"","overlay-gradient":""},"mobile":{"background-color":"","background-image":"","background-repeat":"repeat","background-position":"center center","background-size":"auto","background-attachment":"scroll","background-type":"","background-media":"","overlay-type":"","overlay-color":"","overlay-opacity":"","overlay-gradient":""}},"ast-content-background-meta":{"desktop":{"background-color":"var(--ast-global-color-5)","background-image":"","background-repeat":"repeat","background-position":"center center","background-size":"auto","background-attachment":"scroll","background-type":"","background-media":"","overlay-type":"","overlay-color":"","overlay-opacity":"","overlay-gradient":""},"tablet":{"background-color":"var(--ast-global-color-5)","background-image":"","background-repeat":"repeat","background-position":"center center","background-size":"auto","background-attachment":"scroll","background-type":"","background-media":"","overlay-type":"","overlay-color":"","overlay-opacity":"","overlay-gradient":""},"mobile":{"background-color":"var(--ast-global-color-5)","background-image":"","background-repeat":"repeat","background-position":"center center","background-size":"auto","background-attachment":"scroll","background-type":"","background-media":"","overlay-type":"","overlay-color":"","overlay-opacity":"","overlay-gradient":""}}},"product_brand":[],"product_cat":[96,94],"product_tag":[],"class_list":{"0":"post-2935","1":"product","2":"type-product","3":"status-publish","4":"has-post-thumbnail","6":"product_cat-bonnets","7":"product_cat-textiles","8":"desktop-align-left","9":"tablet-align-left","10":"mobile-align-left","12":"first","13":"instock","14":"taxable","15":"shipping-taxable","16":"purchasable","17":"product-type-variable"},"yoast_head":"<!-- This site is optimized with the Yoast SEO plugin v27.5 - https:\/\/yoast.com\/product\/yoast-seo-wordpress\/ -->\n<title>Bonnet Pompom IRONHIDE - HBC Shop<\/title>\n<meta name=\"robots\" content=\"index, follow, max-snippet:-1, max-image-preview:large, max-video-preview:-1\" \/>\n<link rel=\"canonical\" href=\"https:\/\/hbchockeyshop.com\/index.php\/produit\/bonnet-pompom-ironhide\/\" \/>\n<meta property=\"og:locale\" content=\"fr_FR\" \/>\n<meta property=\"og:type\" content=\"article\" \/>\n<meta property=\"og:title\" content=\"Bonnet Pompom IRONHIDE - HBC Shop\" \/>\n<meta property=\"og:description\" content=\"Bonnet \u00e0 Pompom IRONHIDE Pr\u00e9parez-vous pour la saison froide avec le bonnet \u00e0 pompon HBC ! Ce bonnet est incroyablement doux et vous gardera au chaud pendant les froides journ\u00e9es d\u2019automne et vos aventures hivernales. 100\u00a0% acrylique doux au toucher Tricot double Taille unique Bonnet \u00e0 ourlet Pompon au coloris assorti \u00c9tiquette d\u00e9tachable &nbsp;\" \/>\n<meta property=\"og:url\" content=\"https:\/\/hbchockeyshop.com\/index.php\/produit\/bonnet-pompom-ironhide\/\" \/>\n<meta property=\"og:site_name\" content=\"HBC Shop\" \/>\n<meta property=\"article:modified_time\" content=\"2021-04-23T17:49:41+00:00\" \/>\n<meta property=\"og:image\" content=\"https:\/\/hbchockeyshop.com\/wp-content\/uploads\/2021\/04\/pom-pom-beanie-graphite-grey-product-details-604cee65c0d68.jpg\" \/>\n\t<meta property=\"og:image:width\" content=\"1000\" \/>\n\t<meta property=\"og:image:height\" content=\"1000\" \/>\n\t<meta property=\"og:image:type\" content=\"image\/jpeg\" \/>\n<meta name=\"twitter:card\" content=\"summary_large_image\" \/>\n<script type=\"application\/ld+json\" class=\"yoast-schema-graph\">{\"@context\":\"https:\\\/\\\/schema.org\",\"@graph\":[{\"@type\":\"WebPage\",\"@id\":\"https:\\\/\\\/hbchockeyshop.com\\\/index.php\\\/produit\\\/bonnet-pompom-ironhide\\\/\",\"url\":\"https:\\\/\\\/hbchockeyshop.com\\\/index.php\\\/produit\\\/bonnet-pompom-ironhide\\\/\",\"name\":\"Bonnet Pompom IRONHIDE - HBC Shop\",\"isPartOf\":{\"@id\":\"https:\\\/\\\/hbchockeyshop.com\\\/#website\"},\"primaryImageOfPage\":{\"@id\":\"https:\\\/\\\/hbchockeyshop.com\\\/index.php\\\/produit\\\/bonnet-pompom-ironhide\\\/#primaryimage\"},\"image\":{\"@id\":\"https:\\\/\\\/hbchockeyshop.com\\\/index.php\\\/produit\\\/bonnet-pompom-ironhide\\\/#primaryimage\"},\"thumbnailUrl\":\"https:\\\/\\\/hbchockeyshop.com\\\/wp-content\\\/uploads\\\/2021\\\/04\\\/pom-pom-beanie-graphite-grey-product-details-604cee65c0d68.jpg\",\"datePublished\":\"2021-04-22T16:16:57+00:00\",\"dateModified\":\"2021-04-23T17:49:41+00:00\",\"breadcrumb\":{\"@id\":\"https:\\\/\\\/hbchockeyshop.com\\\/index.php\\\/produit\\\/bonnet-pompom-ironhide\\\/#breadcrumb\"},\"inLanguage\":\"fr-FR\",\"potentialAction\":[{\"@type\":\"ReadAction\",\"target\":[\"https:\\\/\\\/hbchockeyshop.com\\\/index.php\\\/produit\\\/bonnet-pompom-ironhide\\\/\"]}]},{\"@type\":\"ImageObject\",\"inLanguage\":\"fr-FR\",\"@id\":\"https:\\\/\\\/hbchockeyshop.com\\\/index.php\\\/produit\\\/bonnet-pompom-ironhide\\\/#primaryimage\",\"url\":\"https:\\\/\\\/hbchockeyshop.com\\\/wp-content\\\/uploads\\\/2021\\\/04\\\/pom-pom-beanie-graphite-grey-product-details-604cee65c0d68.jpg\",\"contentUrl\":\"https:\\\/\\\/hbchockeyshop.com\\\/wp-content\\\/uploads\\\/2021\\\/04\\\/pom-pom-beanie-graphite-grey-product-details-604cee65c0d68.jpg\",\"width\":1000,\"height\":1000},{\"@type\":\"BreadcrumbList\",\"@id\":\"https:\\\/\\\/hbchockeyshop.com\\\/index.php\\\/produit\\\/bonnet-pompom-ironhide\\\/#breadcrumb\",\"itemListElement\":[{\"@type\":\"ListItem\",\"position\":1,\"name\":\"Accueil\",\"item\":\"https:\\\/\\\/hbchockeyshop.com\\\/\"},{\"@type\":\"ListItem\",\"position\":2,\"name\":\"Shop\",\"item\":\"https:\\\/\\\/hbchockeyshop.com\\\/index.php\\\/shop\\\/\"},{\"@type\":\"ListItem\",\"position\":3,\"name\":\"Bonnet Pompom IRONHIDE\"}]},{\"@type\":\"WebSite\",\"@id\":\"https:\\\/\\\/hbchockeyshop.com\\\/#website\",\"url\":\"https:\\\/\\\/hbchockeyshop.com\\\/\",\"name\":\"HBC Shop\",\"description\":\"\",\"publisher\":{\"@id\":\"https:\\\/\\\/hbchockeyshop.com\\\/#organization\"},\"potentialAction\":[{\"@type\":\"SearchAction\",\"target\":{\"@type\":\"EntryPoint\",\"urlTemplate\":\"https:\\\/\\\/hbchockeyshop.com\\\/?s={search_term_string}\"},\"query-input\":{\"@type\":\"PropertyValueSpecification\",\"valueRequired\":true,\"valueName\":\"search_term_string\"}}],\"inLanguage\":\"fr-FR\"},{\"@type\":\"Organization\",\"@id\":\"https:\\\/\\\/hbchockeyshop.com\\\/#organization\",\"name\":\"HBC Hockey Shop\",\"url\":\"https:\\\/\\\/hbchockeyshop.com\\\/\",\"logo\":{\"@type\":\"ImageObject\",\"inLanguage\":\"fr-FR\",\"@id\":\"https:\\\/\\\/hbchockeyshop.com\\\/#\\\/schema\\\/logo\\\/image\\\/\",\"url\":\"https:\\\/\\\/hbchockeyshop.com\\\/wp-content\\\/uploads\\\/2021\\\/06\\\/C41D0B17-6441-440B-82D0-B36223D45945.jpeg\",\"contentUrl\":\"https:\\\/\\\/hbchockeyshop.com\\\/wp-content\\\/uploads\\\/2021\\\/06\\\/C41D0B17-6441-440B-82D0-B36223D45945.jpeg\",\"width\":960,\"height\":960,\"caption\":\"HBC Hockey Shop\"},\"image\":{\"@id\":\"https:\\\/\\\/hbchockeyshop.com\\\/#\\\/schema\\\/logo\\\/image\\\/\"}}]}<\/script>\n<!-- \/ Yoast SEO plugin. -->","yoast_head_json":{"title":"Bonnet Pompom IRONHIDE - HBC Shop","robots":{"index":"index","follow":"follow","max-snippet":"max-snippet:-1","max-image-preview":"max-image-preview:large","max-video-preview":"max-video-preview:-1"},"canonical":"https:\/\/hbchockeyshop.com\/index.php\/produit\/bonnet-pompom-ironhide\/","og_locale":"fr_FR","og_type":"article","og_title":"Bonnet Pompom IRONHIDE - HBC Shop","og_description":"Bonnet \u00e0 Pompom IRONHIDE Pr\u00e9parez-vous pour la saison froide avec le bonnet \u00e0 pompon HBC ! Ce bonnet est incroyablement doux et vous gardera au chaud pendant les froides journ\u00e9es d\u2019automne et vos aventures hivernales. 100\u00a0% acrylique doux au toucher Tricot double Taille unique Bonnet \u00e0 ourlet Pompon au coloris assorti \u00c9tiquette d\u00e9tachable &nbsp;","og_url":"https:\/\/hbchockeyshop.com\/index.php\/produit\/bonnet-pompom-ironhide\/","og_site_name":"HBC Shop","article_modified_time":"2021-04-23T17:49:41+00:00","og_image":[{"width":1000,"height":1000,"url":"https:\/\/hbchockeyshop.com\/wp-content\/uploads\/2021\/04\/pom-pom-beanie-graphite-grey-product-details-604cee65c0d68.jpg","type":"image\/jpeg"}],"twitter_card":"summary_large_image","schema":{"@context":"https:\/\/schema.org","@graph":[{"@type":"WebPage","@id":"https:\/\/hbchockeyshop.com\/index.php\/produit\/bonnet-pompom-ironhide\/","url":"https:\/\/hbchockeyshop.com\/index.php\/produit\/bonnet-pompom-ironhide\/","name":"Bonnet Pompom IRONHIDE - HBC Shop","isPartOf":{"@id":"https:\/\/hbchockeyshop.com\/#website"},"primaryImageOfPage":{"@id":"https:\/\/hbchockeyshop.com\/index.php\/produit\/bonnet-pompom-ironhide\/#primaryimage"},"image":{"@id":"https:\/\/hbchockeyshop.com\/index.php\/produit\/bonnet-pompom-ironhide\/#primaryimage"},"thumbnailUrl":"https:\/\/hbchockeyshop.com\/wp-content\/uploads\/2021\/04\/pom-pom-beanie-graphite-grey-product-details-604cee65c0d68.jpg","datePublished":"2021-04-22T16:16:57+00:00","dateModified":"2021-04-23T17:49:41+00:00","breadcrumb":{"@id":"https:\/\/hbchockeyshop.com\/index.php\/produit\/bonnet-pompom-ironhide\/#breadcrumb"},"inLanguage":"fr-FR","potentialAction":[{"@type":"ReadAction","target":["https:\/\/hbchockeyshop.com\/index.php\/produit\/bonnet-pompom-ironhide\/"]}]},{"@type":"ImageObject","inLanguage":"fr-FR","@id":"https:\/\/hbchockeyshop.com\/index.php\/produit\/bonnet-pompom-ironhide\/#primaryimage","url":"https:\/\/hbchockeyshop.com\/wp-content\/uploads\/2021\/04\/pom-pom-beanie-graphite-grey-product-details-604cee65c0d68.jpg","contentUrl":"https:\/\/hbchockeyshop.com\/wp-content\/uploads\/2021\/04\/pom-pom-beanie-graphite-grey-product-details-604cee65c0d68.jpg","width":1000,"height":1000},{"@type":"BreadcrumbList","@id":"https:\/\/hbchockeyshop.com\/index.php\/produit\/bonnet-pompom-ironhide\/#breadcrumb","itemListElement":[{"@type":"ListItem","position":1,"name":"Accueil","item":"https:\/\/hbchockeyshop.com\/"},{"@type":"ListItem","position":2,"name":"Shop","item":"https:\/\/hbchockeyshop.com\/index.php\/shop\/"},{"@type":"ListItem","position":3,"name":"Bonnet Pompom IRONHIDE"}]},{"@type":"WebSite","@id":"https:\/\/hbchockeyshop.com\/#website","url":"https:\/\/hbchockeyshop.com\/","name":"HBC Shop","description":"","publisher":{"@id":"https:\/\/hbchockeyshop.com\/#organization"},"potentialAction":[{"@type":"SearchAction","target":{"@type":"EntryPoint","urlTemplate":"https:\/\/hbchockeyshop.com\/?s={search_term_string}"},"query-input":{"@type":"PropertyValueSpecification","valueRequired":true,"valueName":"search_term_string"}}],"inLanguage":"fr-FR"},{"@type":"Organization","@id":"https:\/\/hbchockeyshop.com\/#organization","name":"HBC Hockey Shop","url":"https:\/\/hbchockeyshop.com\/","logo":{"@type":"ImageObject","inLanguage":"fr-FR","@id":"https:\/\/hbchockeyshop.com\/#\/schema\/logo\/image\/","url":"https:\/\/hbchockeyshop.com\/wp-content\/uploads\/2021\/06\/C41D0B17-6441-440B-82D0-B36223D45945.jpeg","contentUrl":"https:\/\/hbchockeyshop.com\/wp-content\/uploads\/2021\/06\/C41D0B17-6441-440B-82D0-B36223D45945.jpeg","width":960,"height":960,"caption":"HBC Hockey Shop"},"image":{"@id":"https:\/\/hbchockeyshop.com\/#\/schema\/logo\/image\/"}}]}},"_links":{"self":[{"href":"https:\/\/hbchockeyshop.com\/index.php\/wp-json\/wp\/v2\/product\/2935","targetHints":{"allow":["GET"]}}],"collection":[{"href":"https:\/\/hbchockeyshop.com\/index.php\/wp-json\/wp\/v2\/product"}],"about":[{"href":"https:\/\/hbchockeyshop.com\/index.php\/wp-json\/wp\/v2\/types\/product"}],"replies":[{"embeddable":true,"href":"https:\/\/hbchockeyshop.com\/index.php\/wp-json\/wp\/v2\/comments?post=2935"}],"version-history":[{"count":2,"href":"https:\/\/hbchockeyshop.com\/index.php\/wp-json\/wp\/v2\/product\/2935\/revisions"}],"predecessor-version":[{"id":2954,"href":"https:\/\/hbchockeyshop.com\/index.php\/wp-json\/wp\/v2\/product\/2935\/revisions\/2954"}],"wp:featuredmedia":[{"embeddable":true,"href":"https:\/\/hbchockeyshop.com\/index.php\/wp-json\/wp\/v2\/media\/2939"}],"wp:attachment":[{"href":"https:\/\/hbchockeyshop.com\/index.php\/wp-json\/wp\/v2\/media?parent=2935"}],"wp:term":[{"taxonomy":"product_brand","embeddable":true,"href":"https:\/\/hbchockeyshop.com\/index.php\/wp-json\/wp\/v2\/product_brand?post=2935"},{"taxonomy":"product_cat","embeddable":true,"href":"https:\/\/hbchockeyshop.com\/index.php\/wp-json\/wp\/v2\/product_cat?post=2935"},{"taxonomy":"product_tag","embeddable":true,"href":"https:\/\/hbchockeyshop.com\/index.php\/wp-json\/wp\/v2\/product_tag?post=2935"}],"curies":[{"name":"wp","href":"https:\/\/api.w.org\/{rel}","templated":true}]}}