{"id":2768,"date":"2021-04-21T18:24:43","date_gmt":"2021-04-21T16:24:43","guid":{"rendered":"https:\/\/hbchockeyshop.com\/?post_type=product&#038;p=2768"},"modified":"2022-02-09T00:05:36","modified_gmt":"2022-02-08T23:05:36","slug":"brassiere-hbc","status":"publish","type":"product","link":"https:\/\/hbchockeyshop.com\/index.php\/produit\/brassiere-hbc\/","title":{"rendered":"Brassi\u00e8re HBC"},"content":{"rendered":"<p>Brassi\u00e8re HBC de sport rembourr\u00e9 est d\u00e9clin\u00e9 dans un tissu doux qui \u00e9vacue l&rsquo;humidit\u00e9. Sa coupe confortable est parfaite pour les entra\u00eenements sportifs de faible et moyenne intensit\u00e9. Le suppl\u00e9ment de mati\u00e8re aux bretelles et la double couche sur le devant apportent tout le soutien n\u00e9cessaire, tandis que le rembourrage peut \u00eatre retir\u00e9 de la doublure en maille si n\u00e9cessaire.<\/p>\n<ul>\n<li>82\u00a0% polyester, 18\u00a0% spandex<\/li>\n<li>Poids du tissu\u00a0: 224\u00a0g\/m\u00b2)<\/li>\n<li>Doublure en maille de sport\u00a0: 92\u00a0% polyester, 8\u00a0% spandex<\/li>\n<li>Rembourrage\u00a0: mousse perfor\u00e9e 100\u00a0% polyur\u00e9thane et tissu 100\u00a0% polyester absorbeur d\u2019humidit\u00e9<\/li>\n<li>Encolure arrondie et dos nageur<\/li>\n<li>Coutures plates et biais pour \u00e9viter les frottements<\/li>\n<li>Suppl\u00e9ment de mati\u00e8re aux bretelles et large \u00e9lastique sous la poitrine<\/li>\n<li>Id\u00e9al pour les bonnets de A \u00e0 C<\/li>\n<li>Doublure en maille avec fentes pour le rembourrage amovible<\/li>\n<li>Rembourrage amovible inclus<\/li>\n<li>Mati\u00e8re extensible \u2013 les fibres du tissu se r\u00e9tractent sur la longueur et la largeur<\/li>\n<\/ul>\n","protected":false},"excerpt":{"rendered":"<p>Brassi\u00e8re HBC de sport rembourr\u00e9 est d\u00e9clin\u00e9 dans un tissu doux qui \u00e9vacue l&rsquo;humidit\u00e9. Sa coupe confortable est parfaite pour les entra\u00eenements sportifs de faible et moyenne intensit\u00e9. Le suppl\u00e9ment de mati\u00e8re aux bretelles et la double couche sur le devant apportent tout le soutien n\u00e9cessaire, tandis que le rembourrage peut \u00eatre retir\u00e9 de la [&hellip;]<\/p>\n","protected":false},"featured_media":2769,"comment_status":"open","ping_status":"closed","template":"","meta":{"site-sidebar-layout":"default","site-content-layout":"default","ast-site-content-layout":"default","site-content-style":"default","site-sidebar-style":"default","ast-global-header-display":"","ast-banner-title-visibility":"","ast-main-header-display":"","ast-hfb-above-header-display":"","ast-hfb-below-header-display":"","ast-hfb-mobile-header-display":"","site-post-title":"","ast-breadcrumbs-content":"","ast-featured-img":"","footer-sml-layout":"","ast-disable-related-posts":"","theme-transparent-header-meta":"default","adv-header-id-meta":"","stick-header-meta":"","header-above-stick-meta":"","header-main-stick-meta":"","header-below-stick-meta":"","astra-migrate-meta-layouts":"default","ast-page-background-enabled":"default","ast-page-background-meta":{"desktop":{"background-color":"","background-image":"","background-repeat":"repeat","background-position":"center center","background-size":"auto","background-attachment":"scroll","background-type":"","background-media":"","overlay-type":"","overlay-color":"","overlay-opacity":"","overlay-gradient":""},"tablet":{"background-color":"","background-image":"","background-repeat":"repeat","background-position":"center center","background-size":"auto","background-attachment":"scroll","background-type":"","background-media":"","overlay-type":"","overlay-color":"","overlay-opacity":"","overlay-gradient":""},"mobile":{"background-color":"","background-image":"","background-repeat":"repeat","background-position":"center center","background-size":"auto","background-attachment":"scroll","background-type":"","background-media":"","overlay-type":"","overlay-color":"","overlay-opacity":"","overlay-gradient":""}},"ast-content-background-meta":{"desktop":{"background-color":"var(--ast-global-color-5)","background-image":"","background-repeat":"repeat","background-position":"center center","background-size":"auto","background-attachment":"scroll","background-type":"","background-media":"","overlay-type":"","overlay-color":"","overlay-opacity":"","overlay-gradient":""},"tablet":{"background-color":"var(--ast-global-color-5)","background-image":"","background-repeat":"repeat","background-position":"center center","background-size":"auto","background-attachment":"scroll","background-type":"","background-media":"","overlay-type":"","overlay-color":"","overlay-opacity":"","overlay-gradient":""},"mobile":{"background-color":"var(--ast-global-color-5)","background-image":"","background-repeat":"repeat","background-position":"center center","background-size":"auto","background-attachment":"scroll","background-type":"","background-media":"","overlay-type":"","overlay-color":"","overlay-opacity":"","overlay-gradient":""}}},"product_brand":[],"product_cat":[94,205],"product_tag":[],"class_list":{"0":"post-2768","1":"product","2":"type-product","3":"status-publish","4":"has-post-thumbnail","6":"product_cat-textiles","7":"product_cat-brassiere","8":"desktop-align-left","9":"tablet-align-left","10":"mobile-align-left","12":"first","13":"instock","14":"purchasable","15":"product-type-variable"},"yoast_head":"<!-- This site is optimized with the Yoast SEO plugin v25.5 - https:\/\/yoast.com\/wordpress\/plugins\/seo\/ -->\n<title>Brassi\u00e8re HBC - HBC Shop<\/title>\n<meta name=\"robots\" content=\"index, follow, max-snippet:-1, max-image-preview:large, max-video-preview:-1\" \/>\n<link rel=\"canonical\" href=\"https:\/\/hbchockeyshop.com\/index.php\/produit\/brassiere-hbc\/\" \/>\n<meta property=\"og:locale\" content=\"fr_FR\" \/>\n<meta property=\"og:type\" content=\"article\" \/>\n<meta property=\"og:title\" content=\"Brassi\u00e8re HBC - HBC Shop\" \/>\n<meta property=\"og:description\" content=\"Brassi\u00e8re HBC de sport rembourr\u00e9 est d\u00e9clin\u00e9 dans un tissu doux qui \u00e9vacue l&rsquo;humidit\u00e9. Sa coupe confortable est parfaite pour les entra\u00eenements sportifs de faible et moyenne intensit\u00e9. Le suppl\u00e9ment de mati\u00e8re aux bretelles et la double couche sur le devant apportent tout le soutien n\u00e9cessaire, tandis que le rembourrage peut \u00eatre retir\u00e9 de la [&hellip;]\" \/>\n<meta property=\"og:url\" content=\"https:\/\/hbchockeyshop.com\/index.php\/produit\/brassiere-hbc\/\" \/>\n<meta property=\"og:site_name\" content=\"HBC Shop\" \/>\n<meta property=\"article:modified_time\" content=\"2022-02-08T23:05:36+00:00\" \/>\n<meta property=\"og:image\" content=\"https:\/\/hbchockeyshop.com\/wp-content\/uploads\/2021\/04\/all-over-print-padded-sports-bra-black-front-607daedfa5f44.png\" \/>\n\t<meta property=\"og:image:width\" content=\"1000\" \/>\n\t<meta property=\"og:image:height\" content=\"1000\" \/>\n\t<meta property=\"og:image:type\" content=\"image\/png\" \/>\n<meta name=\"twitter:card\" content=\"summary_large_image\" \/>\n<meta name=\"twitter:label1\" content=\"Dur\u00e9e de lecture estim\u00e9e\" \/>\n\t<meta name=\"twitter:data1\" content=\"1 minute\" \/>\n<script type=\"application\/ld+json\" class=\"yoast-schema-graph\">{\"@context\":\"https:\/\/schema.org\",\"@graph\":[{\"@type\":\"WebPage\",\"@id\":\"https:\/\/hbchockeyshop.com\/index.php\/produit\/brassiere-hbc\/\",\"url\":\"https:\/\/hbchockeyshop.com\/index.php\/produit\/brassiere-hbc\/\",\"name\":\"Brassi\u00e8re HBC - HBC Shop\",\"isPartOf\":{\"@id\":\"https:\/\/hbchockeyshop.com\/#website\"},\"primaryImageOfPage\":{\"@id\":\"https:\/\/hbchockeyshop.com\/index.php\/produit\/brassiere-hbc\/#primaryimage\"},\"image\":{\"@id\":\"https:\/\/hbchockeyshop.com\/index.php\/produit\/brassiere-hbc\/#primaryimage\"},\"thumbnailUrl\":\"https:\/\/hbchockeyshop.com\/wp-content\/uploads\/2021\/04\/all-over-print-padded-sports-bra-black-front-607daedfa5f44.png\",\"datePublished\":\"2021-04-21T16:24:43+00:00\",\"dateModified\":\"2022-02-08T23:05:36+00:00\",\"breadcrumb\":{\"@id\":\"https:\/\/hbchockeyshop.com\/index.php\/produit\/brassiere-hbc\/#breadcrumb\"},\"inLanguage\":\"fr-FR\",\"potentialAction\":[{\"@type\":\"ReadAction\",\"target\":[\"https:\/\/hbchockeyshop.com\/index.php\/produit\/brassiere-hbc\/\"]}]},{\"@type\":\"ImageObject\",\"inLanguage\":\"fr-FR\",\"@id\":\"https:\/\/hbchockeyshop.com\/index.php\/produit\/brassiere-hbc\/#primaryimage\",\"url\":\"https:\/\/hbchockeyshop.com\/wp-content\/uploads\/2021\/04\/all-over-print-padded-sports-bra-black-front-607daedfa5f44.png\",\"contentUrl\":\"https:\/\/hbchockeyshop.com\/wp-content\/uploads\/2021\/04\/all-over-print-padded-sports-bra-black-front-607daedfa5f44.png\",\"width\":1000,\"height\":1000},{\"@type\":\"BreadcrumbList\",\"@id\":\"https:\/\/hbchockeyshop.com\/index.php\/produit\/brassiere-hbc\/#breadcrumb\",\"itemListElement\":[{\"@type\":\"ListItem\",\"position\":1,\"name\":\"Accueil\",\"item\":\"https:\/\/hbchockeyshop.com\/\"},{\"@type\":\"ListItem\",\"position\":2,\"name\":\"Shop\",\"item\":\"https:\/\/hbchockeyshop.com\/index.php\/shop\/\"},{\"@type\":\"ListItem\",\"position\":3,\"name\":\"Brassi\u00e8re HBC\"}]},{\"@type\":\"WebSite\",\"@id\":\"https:\/\/hbchockeyshop.com\/#website\",\"url\":\"https:\/\/hbchockeyshop.com\/\",\"name\":\"HBC Shop\",\"description\":\"\",\"publisher\":{\"@id\":\"https:\/\/hbchockeyshop.com\/#organization\"},\"potentialAction\":[{\"@type\":\"SearchAction\",\"target\":{\"@type\":\"EntryPoint\",\"urlTemplate\":\"https:\/\/hbchockeyshop.com\/?s={search_term_string}\"},\"query-input\":{\"@type\":\"PropertyValueSpecification\",\"valueRequired\":true,\"valueName\":\"search_term_string\"}}],\"inLanguage\":\"fr-FR\"},{\"@type\":\"Organization\",\"@id\":\"https:\/\/hbchockeyshop.com\/#organization\",\"name\":\"HBC Hockey Shop\",\"url\":\"https:\/\/hbchockeyshop.com\/\",\"logo\":{\"@type\":\"ImageObject\",\"inLanguage\":\"fr-FR\",\"@id\":\"https:\/\/hbchockeyshop.com\/#\/schema\/logo\/image\/\",\"url\":\"https:\/\/hbchockeyshop.com\/wp-content\/uploads\/2021\/06\/C41D0B17-6441-440B-82D0-B36223D45945.jpeg\",\"contentUrl\":\"https:\/\/hbchockeyshop.com\/wp-content\/uploads\/2021\/06\/C41D0B17-6441-440B-82D0-B36223D45945.jpeg\",\"width\":960,\"height\":960,\"caption\":\"HBC Hockey Shop\"},\"image\":{\"@id\":\"https:\/\/hbchockeyshop.com\/#\/schema\/logo\/image\/\"}}]}<\/script>\n<!-- \/ Yoast SEO plugin. -->","yoast_head_json":{"title":"Brassi\u00e8re HBC - HBC Shop","robots":{"index":"index","follow":"follow","max-snippet":"max-snippet:-1","max-image-preview":"max-image-preview:large","max-video-preview":"max-video-preview:-1"},"canonical":"https:\/\/hbchockeyshop.com\/index.php\/produit\/brassiere-hbc\/","og_locale":"fr_FR","og_type":"article","og_title":"Brassi\u00e8re HBC - HBC Shop","og_description":"Brassi\u00e8re HBC de sport rembourr\u00e9 est d\u00e9clin\u00e9 dans un tissu doux qui \u00e9vacue l&rsquo;humidit\u00e9. Sa coupe confortable est parfaite pour les entra\u00eenements sportifs de faible et moyenne intensit\u00e9. Le suppl\u00e9ment de mati\u00e8re aux bretelles et la double couche sur le devant apportent tout le soutien n\u00e9cessaire, tandis que le rembourrage peut \u00eatre retir\u00e9 de la [&hellip;]","og_url":"https:\/\/hbchockeyshop.com\/index.php\/produit\/brassiere-hbc\/","og_site_name":"HBC Shop","article_modified_time":"2022-02-08T23:05:36+00:00","og_image":[{"width":1000,"height":1000,"url":"https:\/\/hbchockeyshop.com\/wp-content\/uploads\/2021\/04\/all-over-print-padded-sports-bra-black-front-607daedfa5f44.png","type":"image\/png"}],"twitter_card":"summary_large_image","twitter_misc":{"Dur\u00e9e de lecture estim\u00e9e":"1 minute"},"schema":{"@context":"https:\/\/schema.org","@graph":[{"@type":"WebPage","@id":"https:\/\/hbchockeyshop.com\/index.php\/produit\/brassiere-hbc\/","url":"https:\/\/hbchockeyshop.com\/index.php\/produit\/brassiere-hbc\/","name":"Brassi\u00e8re HBC - HBC Shop","isPartOf":{"@id":"https:\/\/hbchockeyshop.com\/#website"},"primaryImageOfPage":{"@id":"https:\/\/hbchockeyshop.com\/index.php\/produit\/brassiere-hbc\/#primaryimage"},"image":{"@id":"https:\/\/hbchockeyshop.com\/index.php\/produit\/brassiere-hbc\/#primaryimage"},"thumbnailUrl":"https:\/\/hbchockeyshop.com\/wp-content\/uploads\/2021\/04\/all-over-print-padded-sports-bra-black-front-607daedfa5f44.png","datePublished":"2021-04-21T16:24:43+00:00","dateModified":"2022-02-08T23:05:36+00:00","breadcrumb":{"@id":"https:\/\/hbchockeyshop.com\/index.php\/produit\/brassiere-hbc\/#breadcrumb"},"inLanguage":"fr-FR","potentialAction":[{"@type":"ReadAction","target":["https:\/\/hbchockeyshop.com\/index.php\/produit\/brassiere-hbc\/"]}]},{"@type":"ImageObject","inLanguage":"fr-FR","@id":"https:\/\/hbchockeyshop.com\/index.php\/produit\/brassiere-hbc\/#primaryimage","url":"https:\/\/hbchockeyshop.com\/wp-content\/uploads\/2021\/04\/all-over-print-padded-sports-bra-black-front-607daedfa5f44.png","contentUrl":"https:\/\/hbchockeyshop.com\/wp-content\/uploads\/2021\/04\/all-over-print-padded-sports-bra-black-front-607daedfa5f44.png","width":1000,"height":1000},{"@type":"BreadcrumbList","@id":"https:\/\/hbchockeyshop.com\/index.php\/produit\/brassiere-hbc\/#breadcrumb","itemListElement":[{"@type":"ListItem","position":1,"name":"Accueil","item":"https:\/\/hbchockeyshop.com\/"},{"@type":"ListItem","position":2,"name":"Shop","item":"https:\/\/hbchockeyshop.com\/index.php\/shop\/"},{"@type":"ListItem","position":3,"name":"Brassi\u00e8re HBC"}]},{"@type":"WebSite","@id":"https:\/\/hbchockeyshop.com\/#website","url":"https:\/\/hbchockeyshop.com\/","name":"HBC Shop","description":"","publisher":{"@id":"https:\/\/hbchockeyshop.com\/#organization"},"potentialAction":[{"@type":"SearchAction","target":{"@type":"EntryPoint","urlTemplate":"https:\/\/hbchockeyshop.com\/?s={search_term_string}"},"query-input":{"@type":"PropertyValueSpecification","valueRequired":true,"valueName":"search_term_string"}}],"inLanguage":"fr-FR"},{"@type":"Organization","@id":"https:\/\/hbchockeyshop.com\/#organization","name":"HBC Hockey Shop","url":"https:\/\/hbchockeyshop.com\/","logo":{"@type":"ImageObject","inLanguage":"fr-FR","@id":"https:\/\/hbchockeyshop.com\/#\/schema\/logo\/image\/","url":"https:\/\/hbchockeyshop.com\/wp-content\/uploads\/2021\/06\/C41D0B17-6441-440B-82D0-B36223D45945.jpeg","contentUrl":"https:\/\/hbchockeyshop.com\/wp-content\/uploads\/2021\/06\/C41D0B17-6441-440B-82D0-B36223D45945.jpeg","width":960,"height":960,"caption":"HBC Hockey Shop"},"image":{"@id":"https:\/\/hbchockeyshop.com\/#\/schema\/logo\/image\/"}}]}},"_links":{"self":[{"href":"https:\/\/hbchockeyshop.com\/index.php\/wp-json\/wp\/v2\/product\/2768","targetHints":{"allow":["GET"]}}],"collection":[{"href":"https:\/\/hbchockeyshop.com\/index.php\/wp-json\/wp\/v2\/product"}],"about":[{"href":"https:\/\/hbchockeyshop.com\/index.php\/wp-json\/wp\/v2\/types\/product"}],"replies":[{"embeddable":true,"href":"https:\/\/hbchockeyshop.com\/index.php\/wp-json\/wp\/v2\/comments?post=2768"}],"version-history":[{"count":1,"href":"https:\/\/hbchockeyshop.com\/index.php\/wp-json\/wp\/v2\/product\/2768\/revisions"}],"predecessor-version":[{"id":2777,"href":"https:\/\/hbchockeyshop.com\/index.php\/wp-json\/wp\/v2\/product\/2768\/revisions\/2777"}],"wp:featuredmedia":[{"embeddable":true,"href":"https:\/\/hbchockeyshop.com\/index.php\/wp-json\/wp\/v2\/media\/2769"}],"wp:attachment":[{"href":"https:\/\/hbchockeyshop.com\/index.php\/wp-json\/wp\/v2\/media?parent=2768"}],"wp:term":[{"taxonomy":"product_brand","embeddable":true,"href":"https:\/\/hbchockeyshop.com\/index.php\/wp-json\/wp\/v2\/product_brand?post=2768"},{"taxonomy":"product_cat","embeddable":true,"href":"https:\/\/hbchockeyshop.com\/index.php\/wp-json\/wp\/v2\/product_cat?post=2768"},{"taxonomy":"product_tag","embeddable":true,"href":"https:\/\/hbchockeyshop.com\/index.php\/wp-json\/wp\/v2\/product_tag?post=2768"}],"curies":[{"name":"wp","href":"https:\/\/api.w.org\/{rel}","templated":true}]}}