{"id":2605,"date":"2021-04-21T11:55:31","date_gmt":"2021-04-21T09:55:31","guid":{"rendered":"https:\/\/hbchockeyshop.com\/?post_type=product&#038;p=2605"},"modified":"2021-04-23T19:53:58","modified_gmt":"2021-04-23T17:53:58","slug":"t-shirt-hbc-lifestyle","status":"publish","type":"product","link":"https:\/\/hbchockeyshop.com\/index.php\/produit\/t-shirt-hbc-lifestyle\/","title":{"rendered":"T-Shirt HBC Lifestyle"},"content":{"rendered":"<p><strong>T-shirt HBC Livestyle<\/strong><\/p>\n<p>T-shirt d\u00e9contract\u00e9 \u00a0unisexe confortable, l\u00e9g\u00e9, \u00a0\u00e9lastique et durable pour le rendre encore plus sp\u00e9cial lors de vos sorti entre amis.<\/p>\n<ul>\n<li>50 % polyester, 25 % coton peign\u00e9 et fil\u00e9 \u00e0 l\u2019anneau, 25 % rayonne<\/li>\n<li>Poids du tissu : 115.3 g\/m\u00b2<\/li>\n<li>Pr\u00e9r\u00e9tr\u00e9ci pour plus de durabilit\u00e9<\/li>\n<li>Coupe classique<\/li>\n<li>Coutures lat\u00e9rales<\/li>\n<\/ul>\n<div><\/div>\n<div><b>Couleur:<\/b> Noire \/ \u00c9meraude \/ Navy \/ Bordeaux \/ Vert \/ Bleu \/ Rouge<\/div>\n<p><b>Genre:<\/b> Unisex<\/p>\n<p>&nbsp;<\/p>\n","protected":false},"excerpt":{"rendered":"<p>T-shirt HBC Livestyle T-shirt d\u00e9contract\u00e9 \u00a0unisexe confortable, l\u00e9g\u00e9, \u00a0\u00e9lastique et durable pour le rendre encore plus sp\u00e9cial lors de vos sorti entre amis. 50 % polyester, 25 % coton peign\u00e9 et fil\u00e9 \u00e0 l\u2019anneau, 25 % rayonne Poids du tissu : 115.3 g\/m\u00b2 Pr\u00e9r\u00e9tr\u00e9ci pour plus de durabilit\u00e9 Coupe classique Coutures lat\u00e9rales Couleur: Noire \/ [&hellip;]<\/p>\n","protected":false},"featured_media":2657,"comment_status":"open","ping_status":"closed","template":"","meta":{"site-sidebar-layout":"default","site-content-layout":"default","ast-site-content-layout":"default","site-content-style":"default","site-sidebar-style":"default","ast-global-header-display":"","ast-banner-title-visibility":"","ast-main-header-display":"","ast-hfb-above-header-display":"","ast-hfb-below-header-display":"","ast-hfb-mobile-header-display":"","site-post-title":"","ast-breadcrumbs-content":"","ast-featured-img":"","footer-sml-layout":"","ast-disable-related-posts":"","theme-transparent-header-meta":"default","adv-header-id-meta":"","stick-header-meta":"","header-above-stick-meta":"","header-main-stick-meta":"","header-below-stick-meta":"","astra-migrate-meta-layouts":"default","ast-page-background-enabled":"default","ast-page-background-meta":{"desktop":{"background-color":"","background-image":"","background-repeat":"repeat","background-position":"center center","background-size":"auto","background-attachment":"scroll","background-type":"","background-media":"","overlay-type":"","overlay-color":"","overlay-opacity":"","overlay-gradient":""},"tablet":{"background-color":"","background-image":"","background-repeat":"repeat","background-position":"center center","background-size":"auto","background-attachment":"scroll","background-type":"","background-media":"","overlay-type":"","overlay-color":"","overlay-opacity":"","overlay-gradient":""},"mobile":{"background-color":"","background-image":"","background-repeat":"repeat","background-position":"center center","background-size":"auto","background-attachment":"scroll","background-type":"","background-media":"","overlay-type":"","overlay-color":"","overlay-opacity":"","overlay-gradient":""}},"ast-content-background-meta":{"desktop":{"background-color":"var(--ast-global-color-5)","background-image":"","background-repeat":"repeat","background-position":"center center","background-size":"auto","background-attachment":"scroll","background-type":"","background-media":"","overlay-type":"","overlay-color":"","overlay-opacity":"","overlay-gradient":""},"tablet":{"background-color":"var(--ast-global-color-5)","background-image":"","background-repeat":"repeat","background-position":"center center","background-size":"auto","background-attachment":"scroll","background-type":"","background-media":"","overlay-type":"","overlay-color":"","overlay-opacity":"","overlay-gradient":""},"mobile":{"background-color":"var(--ast-global-color-5)","background-image":"","background-repeat":"repeat","background-position":"center center","background-size":"auto","background-attachment":"scroll","background-type":"","background-media":"","overlay-type":"","overlay-color":"","overlay-opacity":"","overlay-gradient":""}}},"product_brand":[],"product_cat":[98],"product_tag":[],"class_list":{"0":"post-2605","1":"product","2":"type-product","3":"status-publish","4":"has-post-thumbnail","6":"product_cat-t-shirts","7":"desktop-align-left","8":"tablet-align-left","9":"mobile-align-left","11":"first","12":"instock","13":"purchasable","14":"product-type-variable"},"yoast_head":"<!-- This site is optimized with the Yoast SEO plugin v25.5 - https:\/\/yoast.com\/wordpress\/plugins\/seo\/ -->\n<title>T-Shirt HBC Lifestyle - HBC Shop<\/title>\n<meta name=\"robots\" content=\"index, follow, max-snippet:-1, max-image-preview:large, max-video-preview:-1\" \/>\n<link rel=\"canonical\" href=\"https:\/\/hbchockeyshop.com\/index.php\/produit\/t-shirt-hbc-lifestyle\/\" \/>\n<meta property=\"og:locale\" content=\"fr_FR\" \/>\n<meta property=\"og:type\" content=\"article\" \/>\n<meta property=\"og:title\" content=\"T-Shirt HBC Lifestyle - HBC Shop\" \/>\n<meta property=\"og:description\" content=\"T-shirt HBC Livestyle T-shirt d\u00e9contract\u00e9 \u00a0unisexe confortable, l\u00e9g\u00e9, \u00a0\u00e9lastique et durable pour le rendre encore plus sp\u00e9cial lors de vos sorti entre amis. 50 % polyester, 25 % coton peign\u00e9 et fil\u00e9 \u00e0 l\u2019anneau, 25 % rayonne Poids du tissu : 115.3 g\/m\u00b2 Pr\u00e9r\u00e9tr\u00e9ci pour plus de durabilit\u00e9 Coupe classique Coutures lat\u00e9rales Couleur: Noire \/ [&hellip;]\" \/>\n<meta property=\"og:url\" content=\"https:\/\/hbchockeyshop.com\/index.php\/produit\/t-shirt-hbc-lifestyle\/\" \/>\n<meta property=\"og:site_name\" content=\"HBC Shop\" \/>\n<meta property=\"article:modified_time\" content=\"2021-04-23T17:53:58+00:00\" \/>\n<meta property=\"og:image\" content=\"https:\/\/hbchockeyshop.com\/wp-content\/uploads\/2021\/04\/unisex-tri-blend-t-shirt-charcoal-black-triblend-front-604ccaeda45d3.jpg\" \/>\n\t<meta property=\"og:image:width\" content=\"1000\" \/>\n\t<meta property=\"og:image:height\" content=\"1000\" \/>\n\t<meta property=\"og:image:type\" content=\"image\/jpeg\" \/>\n<meta name=\"twitter:card\" content=\"summary_large_image\" \/>\n<script type=\"application\/ld+json\" class=\"yoast-schema-graph\">{\"@context\":\"https:\/\/schema.org\",\"@graph\":[{\"@type\":\"WebPage\",\"@id\":\"https:\/\/hbchockeyshop.com\/index.php\/produit\/t-shirt-hbc-lifestyle\/\",\"url\":\"https:\/\/hbchockeyshop.com\/index.php\/produit\/t-shirt-hbc-lifestyle\/\",\"name\":\"T-Shirt HBC Lifestyle - HBC Shop\",\"isPartOf\":{\"@id\":\"https:\/\/hbchockeyshop.com\/#website\"},\"primaryImageOfPage\":{\"@id\":\"https:\/\/hbchockeyshop.com\/index.php\/produit\/t-shirt-hbc-lifestyle\/#primaryimage\"},\"image\":{\"@id\":\"https:\/\/hbchockeyshop.com\/index.php\/produit\/t-shirt-hbc-lifestyle\/#primaryimage\"},\"thumbnailUrl\":\"https:\/\/hbchockeyshop.com\/wp-content\/uploads\/2021\/04\/unisex-tri-blend-t-shirt-charcoal-black-triblend-front-604ccaeda45d3.jpg\",\"datePublished\":\"2021-04-21T09:55:31+00:00\",\"dateModified\":\"2021-04-23T17:53:58+00:00\",\"breadcrumb\":{\"@id\":\"https:\/\/hbchockeyshop.com\/index.php\/produit\/t-shirt-hbc-lifestyle\/#breadcrumb\"},\"inLanguage\":\"fr-FR\",\"potentialAction\":[{\"@type\":\"ReadAction\",\"target\":[\"https:\/\/hbchockeyshop.com\/index.php\/produit\/t-shirt-hbc-lifestyle\/\"]}]},{\"@type\":\"ImageObject\",\"inLanguage\":\"fr-FR\",\"@id\":\"https:\/\/hbchockeyshop.com\/index.php\/produit\/t-shirt-hbc-lifestyle\/#primaryimage\",\"url\":\"https:\/\/hbchockeyshop.com\/wp-content\/uploads\/2021\/04\/unisex-tri-blend-t-shirt-charcoal-black-triblend-front-604ccaeda45d3.jpg\",\"contentUrl\":\"https:\/\/hbchockeyshop.com\/wp-content\/uploads\/2021\/04\/unisex-tri-blend-t-shirt-charcoal-black-triblend-front-604ccaeda45d3.jpg\",\"width\":1000,\"height\":1000},{\"@type\":\"BreadcrumbList\",\"@id\":\"https:\/\/hbchockeyshop.com\/index.php\/produit\/t-shirt-hbc-lifestyle\/#breadcrumb\",\"itemListElement\":[{\"@type\":\"ListItem\",\"position\":1,\"name\":\"Accueil\",\"item\":\"https:\/\/hbchockeyshop.com\/\"},{\"@type\":\"ListItem\",\"position\":2,\"name\":\"Shop\",\"item\":\"https:\/\/hbchockeyshop.com\/index.php\/shop\/\"},{\"@type\":\"ListItem\",\"position\":3,\"name\":\"T-Shirt HBC Lifestyle\"}]},{\"@type\":\"WebSite\",\"@id\":\"https:\/\/hbchockeyshop.com\/#website\",\"url\":\"https:\/\/hbchockeyshop.com\/\",\"name\":\"HBC Shop\",\"description\":\"\",\"publisher\":{\"@id\":\"https:\/\/hbchockeyshop.com\/#organization\"},\"potentialAction\":[{\"@type\":\"SearchAction\",\"target\":{\"@type\":\"EntryPoint\",\"urlTemplate\":\"https:\/\/hbchockeyshop.com\/?s={search_term_string}\"},\"query-input\":{\"@type\":\"PropertyValueSpecification\",\"valueRequired\":true,\"valueName\":\"search_term_string\"}}],\"inLanguage\":\"fr-FR\"},{\"@type\":\"Organization\",\"@id\":\"https:\/\/hbchockeyshop.com\/#organization\",\"name\":\"HBC Hockey Shop\",\"url\":\"https:\/\/hbchockeyshop.com\/\",\"logo\":{\"@type\":\"ImageObject\",\"inLanguage\":\"fr-FR\",\"@id\":\"https:\/\/hbchockeyshop.com\/#\/schema\/logo\/image\/\",\"url\":\"https:\/\/hbchockeyshop.com\/wp-content\/uploads\/2021\/06\/C41D0B17-6441-440B-82D0-B36223D45945.jpeg\",\"contentUrl\":\"https:\/\/hbchockeyshop.com\/wp-content\/uploads\/2021\/06\/C41D0B17-6441-440B-82D0-B36223D45945.jpeg\",\"width\":960,\"height\":960,\"caption\":\"HBC Hockey Shop\"},\"image\":{\"@id\":\"https:\/\/hbchockeyshop.com\/#\/schema\/logo\/image\/\"}}]}<\/script>\n<!-- \/ Yoast SEO plugin. -->","yoast_head_json":{"title":"T-Shirt HBC Lifestyle - HBC Shop","robots":{"index":"index","follow":"follow","max-snippet":"max-snippet:-1","max-image-preview":"max-image-preview:large","max-video-preview":"max-video-preview:-1"},"canonical":"https:\/\/hbchockeyshop.com\/index.php\/produit\/t-shirt-hbc-lifestyle\/","og_locale":"fr_FR","og_type":"article","og_title":"T-Shirt HBC Lifestyle - HBC Shop","og_description":"T-shirt HBC Livestyle T-shirt d\u00e9contract\u00e9 \u00a0unisexe confortable, l\u00e9g\u00e9, \u00a0\u00e9lastique et durable pour le rendre encore plus sp\u00e9cial lors de vos sorti entre amis. 50 % polyester, 25 % coton peign\u00e9 et fil\u00e9 \u00e0 l\u2019anneau, 25 % rayonne Poids du tissu : 115.3 g\/m\u00b2 Pr\u00e9r\u00e9tr\u00e9ci pour plus de durabilit\u00e9 Coupe classique Coutures lat\u00e9rales Couleur: Noire \/ [&hellip;]","og_url":"https:\/\/hbchockeyshop.com\/index.php\/produit\/t-shirt-hbc-lifestyle\/","og_site_name":"HBC Shop","article_modified_time":"2021-04-23T17:53:58+00:00","og_image":[{"width":1000,"height":1000,"url":"https:\/\/hbchockeyshop.com\/wp-content\/uploads\/2021\/04\/unisex-tri-blend-t-shirt-charcoal-black-triblend-front-604ccaeda45d3.jpg","type":"image\/jpeg"}],"twitter_card":"summary_large_image","schema":{"@context":"https:\/\/schema.org","@graph":[{"@type":"WebPage","@id":"https:\/\/hbchockeyshop.com\/index.php\/produit\/t-shirt-hbc-lifestyle\/","url":"https:\/\/hbchockeyshop.com\/index.php\/produit\/t-shirt-hbc-lifestyle\/","name":"T-Shirt HBC Lifestyle - HBC Shop","isPartOf":{"@id":"https:\/\/hbchockeyshop.com\/#website"},"primaryImageOfPage":{"@id":"https:\/\/hbchockeyshop.com\/index.php\/produit\/t-shirt-hbc-lifestyle\/#primaryimage"},"image":{"@id":"https:\/\/hbchockeyshop.com\/index.php\/produit\/t-shirt-hbc-lifestyle\/#primaryimage"},"thumbnailUrl":"https:\/\/hbchockeyshop.com\/wp-content\/uploads\/2021\/04\/unisex-tri-blend-t-shirt-charcoal-black-triblend-front-604ccaeda45d3.jpg","datePublished":"2021-04-21T09:55:31+00:00","dateModified":"2021-04-23T17:53:58+00:00","breadcrumb":{"@id":"https:\/\/hbchockeyshop.com\/index.php\/produit\/t-shirt-hbc-lifestyle\/#breadcrumb"},"inLanguage":"fr-FR","potentialAction":[{"@type":"ReadAction","target":["https:\/\/hbchockeyshop.com\/index.php\/produit\/t-shirt-hbc-lifestyle\/"]}]},{"@type":"ImageObject","inLanguage":"fr-FR","@id":"https:\/\/hbchockeyshop.com\/index.php\/produit\/t-shirt-hbc-lifestyle\/#primaryimage","url":"https:\/\/hbchockeyshop.com\/wp-content\/uploads\/2021\/04\/unisex-tri-blend-t-shirt-charcoal-black-triblend-front-604ccaeda45d3.jpg","contentUrl":"https:\/\/hbchockeyshop.com\/wp-content\/uploads\/2021\/04\/unisex-tri-blend-t-shirt-charcoal-black-triblend-front-604ccaeda45d3.jpg","width":1000,"height":1000},{"@type":"BreadcrumbList","@id":"https:\/\/hbchockeyshop.com\/index.php\/produit\/t-shirt-hbc-lifestyle\/#breadcrumb","itemListElement":[{"@type":"ListItem","position":1,"name":"Accueil","item":"https:\/\/hbchockeyshop.com\/"},{"@type":"ListItem","position":2,"name":"Shop","item":"https:\/\/hbchockeyshop.com\/index.php\/shop\/"},{"@type":"ListItem","position":3,"name":"T-Shirt HBC Lifestyle"}]},{"@type":"WebSite","@id":"https:\/\/hbchockeyshop.com\/#website","url":"https:\/\/hbchockeyshop.com\/","name":"HBC Shop","description":"","publisher":{"@id":"https:\/\/hbchockeyshop.com\/#organization"},"potentialAction":[{"@type":"SearchAction","target":{"@type":"EntryPoint","urlTemplate":"https:\/\/hbchockeyshop.com\/?s={search_term_string}"},"query-input":{"@type":"PropertyValueSpecification","valueRequired":true,"valueName":"search_term_string"}}],"inLanguage":"fr-FR"},{"@type":"Organization","@id":"https:\/\/hbchockeyshop.com\/#organization","name":"HBC Hockey Shop","url":"https:\/\/hbchockeyshop.com\/","logo":{"@type":"ImageObject","inLanguage":"fr-FR","@id":"https:\/\/hbchockeyshop.com\/#\/schema\/logo\/image\/","url":"https:\/\/hbchockeyshop.com\/wp-content\/uploads\/2021\/06\/C41D0B17-6441-440B-82D0-B36223D45945.jpeg","contentUrl":"https:\/\/hbchockeyshop.com\/wp-content\/uploads\/2021\/06\/C41D0B17-6441-440B-82D0-B36223D45945.jpeg","width":960,"height":960,"caption":"HBC Hockey Shop"},"image":{"@id":"https:\/\/hbchockeyshop.com\/#\/schema\/logo\/image\/"}}]}},"_links":{"self":[{"href":"https:\/\/hbchockeyshop.com\/index.php\/wp-json\/wp\/v2\/product\/2605","targetHints":{"allow":["GET"]}}],"collection":[{"href":"https:\/\/hbchockeyshop.com\/index.php\/wp-json\/wp\/v2\/product"}],"about":[{"href":"https:\/\/hbchockeyshop.com\/index.php\/wp-json\/wp\/v2\/types\/product"}],"replies":[{"embeddable":true,"href":"https:\/\/hbchockeyshop.com\/index.php\/wp-json\/wp\/v2\/comments?post=2605"}],"version-history":[{"count":4,"href":"https:\/\/hbchockeyshop.com\/index.php\/wp-json\/wp\/v2\/product\/2605\/revisions"}],"predecessor-version":[{"id":2658,"href":"https:\/\/hbchockeyshop.com\/index.php\/wp-json\/wp\/v2\/product\/2605\/revisions\/2658"}],"wp:featuredmedia":[{"embeddable":true,"href":"https:\/\/hbchockeyshop.com\/index.php\/wp-json\/wp\/v2\/media\/2657"}],"wp:attachment":[{"href":"https:\/\/hbchockeyshop.com\/index.php\/wp-json\/wp\/v2\/media?parent=2605"}],"wp:term":[{"taxonomy":"product_brand","embeddable":true,"href":"https:\/\/hbchockeyshop.com\/index.php\/wp-json\/wp\/v2\/product_brand?post=2605"},{"taxonomy":"product_cat","embeddable":true,"href":"https:\/\/hbchockeyshop.com\/index.php\/wp-json\/wp\/v2\/product_cat?post=2605"},{"taxonomy":"product_tag","embeddable":true,"href":"https:\/\/hbchockeyshop.com\/index.php\/wp-json\/wp\/v2\/product_tag?post=2605"}],"curies":[{"name":"wp","href":"https:\/\/api.w.org\/{rel}","templated":true}]}}