{"id":2599,"date":"2021-04-21T11:39:05","date_gmt":"2021-04-21T09:39:05","guid":{"rendered":"https:\/\/hbchockeyshop.com\/?post_type=product&#038;p=2599"},"modified":"2024-04-12T12:32:30","modified_gmt":"2024-04-12T10:32:30","slug":"crosse-ironhide-amg1-player","status":"publish","type":"product","link":"https:\/\/hbchockeyshop.com\/index.php\/produit\/crosse-ironhide-amg1-player\/","title":{"rendered":"Crosse IRONHIDE AMG2 Player &#8211; senior"},"content":{"rendered":"<p>La nouvelle crosse IRONHIDE \u2013 AMG2 Player offre au joueur une incroyable sensation avec le palet, un exellent \u00e9quilibre et un profile flexible con\u00e7u pour une r\u00e9ponse active.<\/p>\n<p>Le point de flexion de type \u00ab Mid-Kick \u00bb pour maximiser le chargement pour un<\/p>\n<p>Meilleur contr\u00f4le et une meilleure pr\u00e9cision.<\/p>\n<p>Le syst\u00e8me NANO TECH augmente la dur\u00e9e de vie de l\u2019arbre et am\u00e9liore la durabilit\u00e9 global de la crosse.<\/p>\n<p>De haute densit\u00e9 et rigidit\u00e9 grace au support FOAM X 300 ainsi que la WAVE \u00a0TECH a l\u2019interieur de la palette, le point de carbone assure que la face de la lame reste carr\u00e9 sur la cible sans ouvrir et perdre la pr\u00e9cision.<\/p>\n<p><strong>Poids:<\/strong> 450 Gr<\/p>\n","protected":false},"excerpt":{"rendered":"<p>La nouvelle crosse IRONHIDE \u2013 AMG2 Player offre au joueur une incroyable sensation avec le palet, un exellent \u00e9quilibre et un profile flexible con\u00e7u pour une r\u00e9ponse active. Le point de flexion de type \u00ab Mid-Kick \u00bb pour maximiser le chargement pour un Meilleur contr\u00f4le et une meilleure pr\u00e9cision. Le syst\u00e8me NANO TECH augmente la [&hellip;]<\/p>\n","protected":false},"featured_media":6549,"comment_status":"open","ping_status":"closed","template":"","meta":{"site-sidebar-layout":"default","site-content-layout":"default","ast-site-content-layout":"default","site-content-style":"default","site-sidebar-style":"default","ast-global-header-display":"","ast-banner-title-visibility":"","ast-main-header-display":"","ast-hfb-above-header-display":"","ast-hfb-below-header-display":"","ast-hfb-mobile-header-display":"","site-post-title":"","ast-breadcrumbs-content":"","ast-featured-img":"","footer-sml-layout":"","ast-disable-related-posts":"","theme-transparent-header-meta":"default","adv-header-id-meta":"","stick-header-meta":"","header-above-stick-meta":"","header-main-stick-meta":"","header-below-stick-meta":"","astra-migrate-meta-layouts":"set","ast-page-background-enabled":"default","ast-page-background-meta":{"desktop":{"background-color":"","background-image":"","background-repeat":"repeat","background-position":"center center","background-size":"auto","background-attachment":"scroll","background-type":"","background-media":"","overlay-type":"","overlay-color":"","overlay-opacity":"","overlay-gradient":""},"tablet":{"background-color":"","background-image":"","background-repeat":"repeat","background-position":"center center","background-size":"auto","background-attachment":"scroll","background-type":"","background-media":"","overlay-type":"","overlay-color":"","overlay-opacity":"","overlay-gradient":""},"mobile":{"background-color":"","background-image":"","background-repeat":"repeat","background-position":"center center","background-size":"auto","background-attachment":"scroll","background-type":"","background-media":"","overlay-type":"","overlay-color":"","overlay-opacity":"","overlay-gradient":""}},"ast-content-background-meta":{"desktop":{"background-color":"var(--ast-global-color-5)","background-image":"","background-repeat":"repeat","background-position":"center center","background-size":"auto","background-attachment":"scroll","background-type":"","background-media":"","overlay-type":"","overlay-color":"","overlay-opacity":"","overlay-gradient":""},"tablet":{"background-color":"var(--ast-global-color-5)","background-image":"","background-repeat":"repeat","background-position":"center center","background-size":"auto","background-attachment":"scroll","background-type":"","background-media":"","overlay-type":"","overlay-color":"","overlay-opacity":"","overlay-gradient":""},"mobile":{"background-color":"var(--ast-global-color-5)","background-image":"","background-repeat":"repeat","background-position":"center center","background-size":"auto","background-attachment":"scroll","background-type":"","background-media":"","overlay-type":"","overlay-color":"","overlay-opacity":"","overlay-gradient":""}}},"product_brand":[],"product_cat":[100],"product_tag":[],"class_list":{"0":"post-2599","1":"product","2":"type-product","3":"status-publish","4":"has-post-thumbnail","6":"product_cat-crosses","7":"pa_flex-37","8":"pa_flex-36","9":"desktop-align-left","10":"tablet-align-left","11":"mobile-align-left","13":"first","14":"instock","15":"purchasable","16":"product-type-variable"},"yoast_head":"<!-- This site is optimized with the Yoast SEO plugin v27.5 - https:\/\/yoast.com\/product\/yoast-seo-wordpress\/ -->\n<title>Crosse IRONHIDE AMG2 Player - senior - HBC Shop<\/title>\n<meta name=\"robots\" content=\"index, follow, max-snippet:-1, max-image-preview:large, max-video-preview:-1\" \/>\n<link rel=\"canonical\" href=\"https:\/\/hbchockeyshop.com\/index.php\/produit\/crosse-ironhide-amg1-player\/\" \/>\n<meta property=\"og:locale\" content=\"fr_FR\" \/>\n<meta property=\"og:type\" content=\"article\" \/>\n<meta property=\"og:title\" content=\"Crosse IRONHIDE AMG2 Player - senior - HBC Shop\" \/>\n<meta property=\"og:description\" content=\"La nouvelle crosse IRONHIDE \u2013 AMG2 Player offre au joueur une incroyable sensation avec le palet, un exellent \u00e9quilibre et un profile flexible con\u00e7u pour une r\u00e9ponse active. Le point de flexion de type \u00ab Mid-Kick \u00bb pour maximiser le chargement pour un Meilleur contr\u00f4le et une meilleure pr\u00e9cision. Le syst\u00e8me NANO TECH augmente la [&hellip;]\" \/>\n<meta property=\"og:url\" content=\"https:\/\/hbchockeyshop.com\/index.php\/produit\/crosse-ironhide-amg1-player\/\" \/>\n<meta property=\"og:site_name\" content=\"HBC Shop\" \/>\n<meta property=\"article:modified_time\" content=\"2024-04-12T10:32:30+00:00\" \/>\n<meta property=\"og:image\" content=\"https:\/\/hbchockeyshop.com\/wp-content\/uploads\/2021\/04\/Hockey-23.png\" \/>\n\t<meta property=\"og:image:width\" content=\"1080\" \/>\n\t<meta property=\"og:image:height\" content=\"1080\" \/>\n\t<meta property=\"og:image:type\" content=\"image\/png\" \/>\n<meta name=\"twitter:card\" content=\"summary_large_image\" \/>\n<meta name=\"twitter:label1\" content=\"Dur\u00e9e de lecture estim\u00e9e\" \/>\n\t<meta name=\"twitter:data1\" content=\"1 minute\" \/>\n<script type=\"application\/ld+json\" class=\"yoast-schema-graph\">{\"@context\":\"https:\\\/\\\/schema.org\",\"@graph\":[{\"@type\":\"WebPage\",\"@id\":\"https:\\\/\\\/hbchockeyshop.com\\\/index.php\\\/produit\\\/crosse-ironhide-amg1-player\\\/\",\"url\":\"https:\\\/\\\/hbchockeyshop.com\\\/index.php\\\/produit\\\/crosse-ironhide-amg1-player\\\/\",\"name\":\"Crosse IRONHIDE AMG2 Player - senior - HBC Shop\",\"isPartOf\":{\"@id\":\"https:\\\/\\\/hbchockeyshop.com\\\/#website\"},\"primaryImageOfPage\":{\"@id\":\"https:\\\/\\\/hbchockeyshop.com\\\/index.php\\\/produit\\\/crosse-ironhide-amg1-player\\\/#primaryimage\"},\"image\":{\"@id\":\"https:\\\/\\\/hbchockeyshop.com\\\/index.php\\\/produit\\\/crosse-ironhide-amg1-player\\\/#primaryimage\"},\"thumbnailUrl\":\"https:\\\/\\\/hbchockeyshop.com\\\/wp-content\\\/uploads\\\/2021\\\/04\\\/Hockey-23.png\",\"datePublished\":\"2021-04-21T09:39:05+00:00\",\"dateModified\":\"2024-04-12T10:32:30+00:00\",\"breadcrumb\":{\"@id\":\"https:\\\/\\\/hbchockeyshop.com\\\/index.php\\\/produit\\\/crosse-ironhide-amg1-player\\\/#breadcrumb\"},\"inLanguage\":\"fr-FR\",\"potentialAction\":[{\"@type\":\"ReadAction\",\"target\":[\"https:\\\/\\\/hbchockeyshop.com\\\/index.php\\\/produit\\\/crosse-ironhide-amg1-player\\\/\"]}]},{\"@type\":\"ImageObject\",\"inLanguage\":\"fr-FR\",\"@id\":\"https:\\\/\\\/hbchockeyshop.com\\\/index.php\\\/produit\\\/crosse-ironhide-amg1-player\\\/#primaryimage\",\"url\":\"https:\\\/\\\/hbchockeyshop.com\\\/wp-content\\\/uploads\\\/2021\\\/04\\\/Hockey-23.png\",\"contentUrl\":\"https:\\\/\\\/hbchockeyshop.com\\\/wp-content\\\/uploads\\\/2021\\\/04\\\/Hockey-23.png\",\"width\":1080,\"height\":1080},{\"@type\":\"BreadcrumbList\",\"@id\":\"https:\\\/\\\/hbchockeyshop.com\\\/index.php\\\/produit\\\/crosse-ironhide-amg1-player\\\/#breadcrumb\",\"itemListElement\":[{\"@type\":\"ListItem\",\"position\":1,\"name\":\"Accueil\",\"item\":\"https:\\\/\\\/hbchockeyshop.com\\\/\"},{\"@type\":\"ListItem\",\"position\":2,\"name\":\"Shop\",\"item\":\"https:\\\/\\\/hbchockeyshop.com\\\/index.php\\\/shop\\\/\"},{\"@type\":\"ListItem\",\"position\":3,\"name\":\"Crosse IRONHIDE AMG2 Player &#8211; senior\"}]},{\"@type\":\"WebSite\",\"@id\":\"https:\\\/\\\/hbchockeyshop.com\\\/#website\",\"url\":\"https:\\\/\\\/hbchockeyshop.com\\\/\",\"name\":\"HBC Shop\",\"description\":\"\",\"publisher\":{\"@id\":\"https:\\\/\\\/hbchockeyshop.com\\\/#organization\"},\"potentialAction\":[{\"@type\":\"SearchAction\",\"target\":{\"@type\":\"EntryPoint\",\"urlTemplate\":\"https:\\\/\\\/hbchockeyshop.com\\\/?s={search_term_string}\"},\"query-input\":{\"@type\":\"PropertyValueSpecification\",\"valueRequired\":true,\"valueName\":\"search_term_string\"}}],\"inLanguage\":\"fr-FR\"},{\"@type\":\"Organization\",\"@id\":\"https:\\\/\\\/hbchockeyshop.com\\\/#organization\",\"name\":\"HBC Hockey Shop\",\"url\":\"https:\\\/\\\/hbchockeyshop.com\\\/\",\"logo\":{\"@type\":\"ImageObject\",\"inLanguage\":\"fr-FR\",\"@id\":\"https:\\\/\\\/hbchockeyshop.com\\\/#\\\/schema\\\/logo\\\/image\\\/\",\"url\":\"https:\\\/\\\/hbchockeyshop.com\\\/wp-content\\\/uploads\\\/2021\\\/06\\\/C41D0B17-6441-440B-82D0-B36223D45945.jpeg\",\"contentUrl\":\"https:\\\/\\\/hbchockeyshop.com\\\/wp-content\\\/uploads\\\/2021\\\/06\\\/C41D0B17-6441-440B-82D0-B36223D45945.jpeg\",\"width\":960,\"height\":960,\"caption\":\"HBC Hockey Shop\"},\"image\":{\"@id\":\"https:\\\/\\\/hbchockeyshop.com\\\/#\\\/schema\\\/logo\\\/image\\\/\"}}]}<\/script>\n<!-- \/ Yoast SEO plugin. -->","yoast_head_json":{"title":"Crosse IRONHIDE AMG2 Player - senior - HBC Shop","robots":{"index":"index","follow":"follow","max-snippet":"max-snippet:-1","max-image-preview":"max-image-preview:large","max-video-preview":"max-video-preview:-1"},"canonical":"https:\/\/hbchockeyshop.com\/index.php\/produit\/crosse-ironhide-amg1-player\/","og_locale":"fr_FR","og_type":"article","og_title":"Crosse IRONHIDE AMG2 Player - senior - HBC Shop","og_description":"La nouvelle crosse IRONHIDE \u2013 AMG2 Player offre au joueur une incroyable sensation avec le palet, un exellent \u00e9quilibre et un profile flexible con\u00e7u pour une r\u00e9ponse active. Le point de flexion de type \u00ab Mid-Kick \u00bb pour maximiser le chargement pour un Meilleur contr\u00f4le et une meilleure pr\u00e9cision. Le syst\u00e8me NANO TECH augmente la [&hellip;]","og_url":"https:\/\/hbchockeyshop.com\/index.php\/produit\/crosse-ironhide-amg1-player\/","og_site_name":"HBC Shop","article_modified_time":"2024-04-12T10:32:30+00:00","og_image":[{"width":1080,"height":1080,"url":"https:\/\/hbchockeyshop.com\/wp-content\/uploads\/2021\/04\/Hockey-23.png","type":"image\/png"}],"twitter_card":"summary_large_image","twitter_misc":{"Dur\u00e9e de lecture estim\u00e9e":"1 minute"},"schema":{"@context":"https:\/\/schema.org","@graph":[{"@type":"WebPage","@id":"https:\/\/hbchockeyshop.com\/index.php\/produit\/crosse-ironhide-amg1-player\/","url":"https:\/\/hbchockeyshop.com\/index.php\/produit\/crosse-ironhide-amg1-player\/","name":"Crosse IRONHIDE AMG2 Player - senior - HBC Shop","isPartOf":{"@id":"https:\/\/hbchockeyshop.com\/#website"},"primaryImageOfPage":{"@id":"https:\/\/hbchockeyshop.com\/index.php\/produit\/crosse-ironhide-amg1-player\/#primaryimage"},"image":{"@id":"https:\/\/hbchockeyshop.com\/index.php\/produit\/crosse-ironhide-amg1-player\/#primaryimage"},"thumbnailUrl":"https:\/\/hbchockeyshop.com\/wp-content\/uploads\/2021\/04\/Hockey-23.png","datePublished":"2021-04-21T09:39:05+00:00","dateModified":"2024-04-12T10:32:30+00:00","breadcrumb":{"@id":"https:\/\/hbchockeyshop.com\/index.php\/produit\/crosse-ironhide-amg1-player\/#breadcrumb"},"inLanguage":"fr-FR","potentialAction":[{"@type":"ReadAction","target":["https:\/\/hbchockeyshop.com\/index.php\/produit\/crosse-ironhide-amg1-player\/"]}]},{"@type":"ImageObject","inLanguage":"fr-FR","@id":"https:\/\/hbchockeyshop.com\/index.php\/produit\/crosse-ironhide-amg1-player\/#primaryimage","url":"https:\/\/hbchockeyshop.com\/wp-content\/uploads\/2021\/04\/Hockey-23.png","contentUrl":"https:\/\/hbchockeyshop.com\/wp-content\/uploads\/2021\/04\/Hockey-23.png","width":1080,"height":1080},{"@type":"BreadcrumbList","@id":"https:\/\/hbchockeyshop.com\/index.php\/produit\/crosse-ironhide-amg1-player\/#breadcrumb","itemListElement":[{"@type":"ListItem","position":1,"name":"Accueil","item":"https:\/\/hbchockeyshop.com\/"},{"@type":"ListItem","position":2,"name":"Shop","item":"https:\/\/hbchockeyshop.com\/index.php\/shop\/"},{"@type":"ListItem","position":3,"name":"Crosse IRONHIDE AMG2 Player &#8211; senior"}]},{"@type":"WebSite","@id":"https:\/\/hbchockeyshop.com\/#website","url":"https:\/\/hbchockeyshop.com\/","name":"HBC Shop","description":"","publisher":{"@id":"https:\/\/hbchockeyshop.com\/#organization"},"potentialAction":[{"@type":"SearchAction","target":{"@type":"EntryPoint","urlTemplate":"https:\/\/hbchockeyshop.com\/?s={search_term_string}"},"query-input":{"@type":"PropertyValueSpecification","valueRequired":true,"valueName":"search_term_string"}}],"inLanguage":"fr-FR"},{"@type":"Organization","@id":"https:\/\/hbchockeyshop.com\/#organization","name":"HBC Hockey Shop","url":"https:\/\/hbchockeyshop.com\/","logo":{"@type":"ImageObject","inLanguage":"fr-FR","@id":"https:\/\/hbchockeyshop.com\/#\/schema\/logo\/image\/","url":"https:\/\/hbchockeyshop.com\/wp-content\/uploads\/2021\/06\/C41D0B17-6441-440B-82D0-B36223D45945.jpeg","contentUrl":"https:\/\/hbchockeyshop.com\/wp-content\/uploads\/2021\/06\/C41D0B17-6441-440B-82D0-B36223D45945.jpeg","width":960,"height":960,"caption":"HBC Hockey Shop"},"image":{"@id":"https:\/\/hbchockeyshop.com\/#\/schema\/logo\/image\/"}}]}},"_links":{"self":[{"href":"https:\/\/hbchockeyshop.com\/index.php\/wp-json\/wp\/v2\/product\/2599","targetHints":{"allow":["GET"]}}],"collection":[{"href":"https:\/\/hbchockeyshop.com\/index.php\/wp-json\/wp\/v2\/product"}],"about":[{"href":"https:\/\/hbchockeyshop.com\/index.php\/wp-json\/wp\/v2\/types\/product"}],"replies":[{"embeddable":true,"href":"https:\/\/hbchockeyshop.com\/index.php\/wp-json\/wp\/v2\/comments?post=2599"}],"version-history":[{"count":5,"href":"https:\/\/hbchockeyshop.com\/index.php\/wp-json\/wp\/v2\/product\/2599\/revisions"}],"predecessor-version":[{"id":6605,"href":"https:\/\/hbchockeyshop.com\/index.php\/wp-json\/wp\/v2\/product\/2599\/revisions\/6605"}],"wp:featuredmedia":[{"embeddable":true,"href":"https:\/\/hbchockeyshop.com\/index.php\/wp-json\/wp\/v2\/media\/6549"}],"wp:attachment":[{"href":"https:\/\/hbchockeyshop.com\/index.php\/wp-json\/wp\/v2\/media?parent=2599"}],"wp:term":[{"taxonomy":"product_brand","embeddable":true,"href":"https:\/\/hbchockeyshop.com\/index.php\/wp-json\/wp\/v2\/product_brand?post=2599"},{"taxonomy":"product_cat","embeddable":true,"href":"https:\/\/hbchockeyshop.com\/index.php\/wp-json\/wp\/v2\/product_cat?post=2599"},{"taxonomy":"product_tag","embeddable":true,"href":"https:\/\/hbchockeyshop.com\/index.php\/wp-json\/wp\/v2\/product_tag?post=2599"}],"curies":[{"name":"wp","href":"https:\/\/api.w.org\/{rel}","templated":true}]}}